{"id":12358,"date":"2026-04-21T17:55:57","date_gmt":"2026-04-21T14:55:57","guid":{"rendered":"https:\/\/xcore.com.tr\/urunler\/product\/oem-hpe-dl380-gen11-2-5-kizak-ot-p22892-001\/"},"modified":"2026-04-21T17:55:57","modified_gmt":"2026-04-21T14:55:57","slug":"oem-hpe-dl380-gen11-2-5-kizak-ot-p22892-001","status":"publish","type":"product","link":"https:\/\/xcore.com.tr\/urunler\/product\/oem-hpe-dl380-gen11-2-5-kizak-ot-p22892-001\/","title":{"rendered":"OEM HPE DL380 GEN11 2.5&#8243; KIZAK OT-P22892-001"},"content":{"rendered":"<h4>\u00dcr\u00fcn \u00d6zellikleri:<\/h4>\n<ul><\/ul>\n","protected":false},"excerpt":{"rendered":"<p>\u00dcr\u00fcn \u00d6zellikleri:<\/p>\n","protected":false},"featured_media":0,"comment_status":"open","ping_status":"closed","template":"","meta":{"content-type":""},"product_brand":[],"product_cat":[735],"product_tag":[],"class_list":{"0":"post-12358","1":"product","2":"type-product","3":"status-publish","5":"product_cat-diger-aksamlari","7":"first","8":"instock","9":"shipping-taxable","10":"purchasable","11":"product-type-simple"},"_links":{"self":[{"href":"https:\/\/xcore.com.tr\/urunler\/wp-json\/wp\/v2\/product\/12358","targetHints":{"allow":["GET"]}}],"collection":[{"href":"https:\/\/xcore.com.tr\/urunler\/wp-json\/wp\/v2\/product"}],"about":[{"href":"https:\/\/xcore.com.tr\/urunler\/wp-json\/wp\/v2\/types\/product"}],"replies":[{"embeddable":true,"href":"https:\/\/xcore.com.tr\/urunler\/wp-json\/wp\/v2\/comments?post=12358"}],"wp:attachment":[{"href":"https:\/\/xcore.com.tr\/urunler\/wp-json\/wp\/v2\/media?parent=12358"}],"wp:term":[{"taxonomy":"product_brand","embeddable":true,"href":"https:\/\/xcore.com.tr\/urunler\/wp-json\/wp\/v2\/product_brand?post=12358"},{"taxonomy":"product_cat","embeddable":true,"href":"https:\/\/xcore.com.tr\/urunler\/wp-json\/wp\/v2\/product_cat?post=12358"},{"taxonomy":"product_tag","embeddable":true,"href":"https:\/\/xcore.com.tr\/urunler\/wp-json\/wp\/v2\/product_tag?post=12358"}],"curies":[{"name":"wp","href":"https:\/\/api.w.org\/{rel}","templated":true}]}}