{"id":12359,"date":"2026-04-21T17:55:57","date_gmt":"2026-04-21T14:55:57","guid":{"rendered":"https:\/\/xcore.com.tr\/urunler\/product\/dell-64gb-rdimm-ddr4-3200mhz-pc4-2rx4-p2myx\/"},"modified":"2026-04-21T17:55:57","modified_gmt":"2026-04-21T14:55:57","slug":"dell-64gb-rdimm-ddr4-3200mhz-pc4-2rx4-p2myx","status":"publish","type":"product","link":"https:\/\/xcore.com.tr\/urunler\/product\/dell-64gb-rdimm-ddr4-3200mhz-pc4-2rx4-p2myx\/","title":{"rendered":"DELL 64GB RDIMM DDR4 3200MHz PC4 2RX4 P2MYX"},"content":{"rendered":"<h4>\u00dcr\u00fcn \u00d6zellikleri:<\/h4>\n<ul><\/ul>\n","protected":false},"excerpt":{"rendered":"<p>\u00dcr\u00fcn \u00d6zellikleri:<\/p>\n","protected":false},"featured_media":0,"comment_status":"open","ping_status":"closed","template":"","meta":{"content-type":""},"product_brand":[],"product_cat":[550],"product_tag":[],"class_list":{"0":"post-12359","1":"product","2":"type-product","3":"status-publish","5":"product_cat-bellek-sunucu-aksesuar","7":"first","8":"outofstock","9":"shipping-taxable","10":"purchasable","11":"product-type-simple"},"_links":{"self":[{"href":"https:\/\/xcore.com.tr\/urunler\/wp-json\/wp\/v2\/product\/12359","targetHints":{"allow":["GET"]}}],"collection":[{"href":"https:\/\/xcore.com.tr\/urunler\/wp-json\/wp\/v2\/product"}],"about":[{"href":"https:\/\/xcore.com.tr\/urunler\/wp-json\/wp\/v2\/types\/product"}],"replies":[{"embeddable":true,"href":"https:\/\/xcore.com.tr\/urunler\/wp-json\/wp\/v2\/comments?post=12359"}],"wp:attachment":[{"href":"https:\/\/xcore.com.tr\/urunler\/wp-json\/wp\/v2\/media?parent=12359"}],"wp:term":[{"taxonomy":"product_brand","embeddable":true,"href":"https:\/\/xcore.com.tr\/urunler\/wp-json\/wp\/v2\/product_brand?post=12359"},{"taxonomy":"product_cat","embeddable":true,"href":"https:\/\/xcore.com.tr\/urunler\/wp-json\/wp\/v2\/product_cat?post=12359"},{"taxonomy":"product_tag","embeddable":true,"href":"https:\/\/xcore.com.tr\/urunler\/wp-json\/wp\/v2\/product_tag?post=12359"}],"curies":[{"name":"wp","href":"https:\/\/api.w.org\/{rel}","templated":true}]}}