{"id":12360,"date":"2026-04-21T17:55:58","date_gmt":"2026-04-21T14:55:58","guid":{"rendered":"https:\/\/xcore.com.tr\/urunler\/product\/hpe-32gb-ddr5-4800b-r-2rx8-pc5-smart-kit-p43328-b21\/"},"modified":"2026-04-21T17:55:58","modified_gmt":"2026-04-21T14:55:58","slug":"hpe-32gb-ddr5-4800b-r-2rx8-pc5-smart-kit-p43328-b21","status":"publish","type":"product","link":"https:\/\/xcore.com.tr\/urunler\/product\/hpe-32gb-ddr5-4800b-r-2rx8-pc5-smart-kit-p43328-b21\/","title":{"rendered":"HPE 32GB DDR5 4800B-R 2RX8 PC5 SMART KIT P43328-B21"},"content":{"rendered":"<h4>\u00dcr\u00fcn \u00d6zellikleri:<\/h4>\n<ul>\n<li><strong>\u00dcretici Kodu:<\/strong> P43328-B21<\/li>\n<li><strong>Kapasite:<\/strong> 32 GB<\/li>\n<li><strong>A\u00e7\u0131klama:<\/strong> 2Rx8 PC5-4800B-R Smart Kit<\/li>\n<\/ul>\n","protected":false},"excerpt":{"rendered":"<p>\u00dcr\u00fcn \u00d6zellikleri: \u00dcretici Kodu: P43328-B21 Kapasite: 32 GB A\u00e7\u0131klama: 2Rx8 PC5-4800B-R Smart Kit<\/p>\n","protected":false},"featured_media":12361,"comment_status":"open","ping_status":"closed","template":"","meta":{"content-type":""},"product_brand":[],"product_cat":[550],"product_tag":[],"class_list":{"0":"post-12360","1":"product","2":"type-product","3":"status-publish","4":"has-post-thumbnail","6":"product_cat-bellek-sunucu-aksesuar","8":"first","9":"outofstock","10":"shipping-taxable","11":"purchasable","12":"product-type-simple"},"_links":{"self":[{"href":"https:\/\/xcore.com.tr\/urunler\/wp-json\/wp\/v2\/product\/12360","targetHints":{"allow":["GET"]}}],"collection":[{"href":"https:\/\/xcore.com.tr\/urunler\/wp-json\/wp\/v2\/product"}],"about":[{"href":"https:\/\/xcore.com.tr\/urunler\/wp-json\/wp\/v2\/types\/product"}],"replies":[{"embeddable":true,"href":"https:\/\/xcore.com.tr\/urunler\/wp-json\/wp\/v2\/comments?post=12360"}],"wp:featuredmedia":[{"embeddable":true,"href":"https:\/\/xcore.com.tr\/urunler\/wp-json\/wp\/v2\/media\/12361"}],"wp:attachment":[{"href":"https:\/\/xcore.com.tr\/urunler\/wp-json\/wp\/v2\/media?parent=12360"}],"wp:term":[{"taxonomy":"product_brand","embeddable":true,"href":"https:\/\/xcore.com.tr\/urunler\/wp-json\/wp\/v2\/product_brand?post=12360"},{"taxonomy":"product_cat","embeddable":true,"href":"https:\/\/xcore.com.tr\/urunler\/wp-json\/wp\/v2\/product_cat?post=12360"},{"taxonomy":"product_tag","embeddable":true,"href":"https:\/\/xcore.com.tr\/urunler\/wp-json\/wp\/v2\/product_tag?post=12360"}],"curies":[{"name":"wp","href":"https:\/\/api.w.org\/{rel}","templated":true}]}}