{"id":12364,"date":"2026-04-21T17:55:59","date_gmt":"2026-04-21T14:55:59","guid":{"rendered":"https:\/\/xcore.com.tr\/urunler\/product\/16gb-kingston-ddr4-3200mhz-cl22-ksm32ed8-16hd\/"},"modified":"2026-04-21T17:55:59","modified_gmt":"2026-04-21T14:55:59","slug":"16gb-kingston-ddr4-3200mhz-cl22-ksm32ed8-16hd","status":"publish","type":"product","link":"https:\/\/xcore.com.tr\/urunler\/product\/16gb-kingston-ddr4-3200mhz-cl22-ksm32ed8-16hd\/","title":{"rendered":"16GB KINGSTON DDR4 3200MHZ CL22 KSM32ED8\/16HD"},"content":{"rendered":"<h4>\u00dcr\u00fcn \u00d6zellikleri:<\/h4>\n<ul>\n<li><strong>\u00dcretici Kodu:<\/strong> KSM32ED8\/16HD&#xD;\n<\/li>\n<li><strong>Kapasite:<\/strong> 16 GB<\/li>\n<\/ul>\n","protected":false},"excerpt":{"rendered":"<p>\u00dcr\u00fcn \u00d6zellikleri: \u00dcretici Kodu: KSM32ED8\/16HD&#xD; Kapasite: 16 GB<\/p>\n","protected":false},"featured_media":12365,"comment_status":"open","ping_status":"closed","template":"","meta":{"content-type":""},"product_brand":[],"product_cat":[550],"product_tag":[],"class_list":{"0":"post-12364","1":"product","2":"type-product","3":"status-publish","4":"has-post-thumbnail","6":"product_cat-bellek-sunucu-aksesuar","8":"first","9":"outofstock","10":"shipping-taxable","11":"purchasable","12":"product-type-simple"},"_links":{"self":[{"href":"https:\/\/xcore.com.tr\/urunler\/wp-json\/wp\/v2\/product\/12364","targetHints":{"allow":["GET"]}}],"collection":[{"href":"https:\/\/xcore.com.tr\/urunler\/wp-json\/wp\/v2\/product"}],"about":[{"href":"https:\/\/xcore.com.tr\/urunler\/wp-json\/wp\/v2\/types\/product"}],"replies":[{"embeddable":true,"href":"https:\/\/xcore.com.tr\/urunler\/wp-json\/wp\/v2\/comments?post=12364"}],"wp:featuredmedia":[{"embeddable":true,"href":"https:\/\/xcore.com.tr\/urunler\/wp-json\/wp\/v2\/media\/12365"}],"wp:attachment":[{"href":"https:\/\/xcore.com.tr\/urunler\/wp-json\/wp\/v2\/media?parent=12364"}],"wp:term":[{"taxonomy":"product_brand","embeddable":true,"href":"https:\/\/xcore.com.tr\/urunler\/wp-json\/wp\/v2\/product_brand?post=12364"},{"taxonomy":"product_cat","embeddable":true,"href":"https:\/\/xcore.com.tr\/urunler\/wp-json\/wp\/v2\/product_cat?post=12364"},{"taxonomy":"product_tag","embeddable":true,"href":"https:\/\/xcore.com.tr\/urunler\/wp-json\/wp\/v2\/product_tag?post=12364"}],"curies":[{"name":"wp","href":"https:\/\/api.w.org\/{rel}","templated":true}]}}