{"id":12366,"date":"2026-04-21T17:56:00","date_gmt":"2026-04-21T14:56:00","guid":{"rendered":"https:\/\/xcore.com.tr\/urunler\/product\/32gb-kingston-5600mhz-ddr5-2rx8-ecc-rdimm-ksm56r46bd8-32\/"},"modified":"2026-04-21T17:56:00","modified_gmt":"2026-04-21T14:56:00","slug":"32gb-kingston-5600mhz-ddr5-2rx8-ecc-rdimm-ksm56r46bd8-32","status":"publish","type":"product","link":"https:\/\/xcore.com.tr\/urunler\/product\/32gb-kingston-5600mhz-ddr5-2rx8-ecc-rdimm-ksm56r46bd8-32\/","title":{"rendered":"32GB KINGSTON 5600MHZ DDR5 2RX8 ECC RDIMM KSM56R46BD8-32"},"content":{"rendered":"<h4>\u00dcr\u00fcn \u00d6zellikleri:<\/h4>\n<ul>\n<li><strong>Kapasite:<\/strong> 32 GB<\/li>\n<li><strong>\u00dcretici Kodu:<\/strong> KSM56R46BD8-32HA<\/li>\n<\/ul>\n","protected":false},"excerpt":{"rendered":"<p>\u00dcr\u00fcn \u00d6zellikleri: Kapasite: 32 GB \u00dcretici Kodu: KSM56R46BD8-32HA<\/p>\n","protected":false},"featured_media":12367,"comment_status":"open","ping_status":"closed","template":"","meta":{"content-type":""},"product_brand":[],"product_cat":[550],"product_tag":[],"class_list":{"0":"post-12366","1":"product","2":"type-product","3":"status-publish","4":"has-post-thumbnail","6":"product_cat-bellek-sunucu-aksesuar","8":"first","9":"instock","10":"shipping-taxable","11":"purchasable","12":"product-type-simple"},"_links":{"self":[{"href":"https:\/\/xcore.com.tr\/urunler\/wp-json\/wp\/v2\/product\/12366","targetHints":{"allow":["GET"]}}],"collection":[{"href":"https:\/\/xcore.com.tr\/urunler\/wp-json\/wp\/v2\/product"}],"about":[{"href":"https:\/\/xcore.com.tr\/urunler\/wp-json\/wp\/v2\/types\/product"}],"replies":[{"embeddable":true,"href":"https:\/\/xcore.com.tr\/urunler\/wp-json\/wp\/v2\/comments?post=12366"}],"wp:featuredmedia":[{"embeddable":true,"href":"https:\/\/xcore.com.tr\/urunler\/wp-json\/wp\/v2\/media\/12367"}],"wp:attachment":[{"href":"https:\/\/xcore.com.tr\/urunler\/wp-json\/wp\/v2\/media?parent=12366"}],"wp:term":[{"taxonomy":"product_brand","embeddable":true,"href":"https:\/\/xcore.com.tr\/urunler\/wp-json\/wp\/v2\/product_brand?post=12366"},{"taxonomy":"product_cat","embeddable":true,"href":"https:\/\/xcore.com.tr\/urunler\/wp-json\/wp\/v2\/product_cat?post=12366"},{"taxonomy":"product_tag","embeddable":true,"href":"https:\/\/xcore.com.tr\/urunler\/wp-json\/wp\/v2\/product_tag?post=12366"}],"curies":[{"name":"wp","href":"https:\/\/api.w.org\/{rel}","templated":true}]}}