{"id":12368,"date":"2026-04-21T17:56:01","date_gmt":"2026-04-21T14:56:01","guid":{"rendered":"https:\/\/xcore.com.tr\/urunler\/product\/16gb-kingston-ddr5-5600mhz-cl46-ecc-sunucu-ram-ksm56e46bs8km-16ha\/"},"modified":"2026-04-21T17:56:01","modified_gmt":"2026-04-21T14:56:01","slug":"16gb-kingston-ddr5-5600mhz-cl46-ecc-sunucu-ram-ksm56e46bs8km-16ha","status":"publish","type":"product","link":"https:\/\/xcore.com.tr\/urunler\/product\/16gb-kingston-ddr5-5600mhz-cl46-ecc-sunucu-ram-ksm56e46bs8km-16ha\/","title":{"rendered":"16GB KINGSTON DDR5 5600MHZ CL46 ECC SUNUCU RAM KSM56E46BS8KM-16HA"},"content":{"rendered":"<h4>\u00dcr\u00fcn \u00d6zellikleri:<\/h4>\n<ul>\n<li><strong>\u00dcretici Kodu:<\/strong> KSM56E46BS8KM-16HA<\/li>\n<li><strong>Kapasite:<\/strong> 16 GB<\/li>\n<\/ul>\n","protected":false},"excerpt":{"rendered":"<p>\u00dcr\u00fcn \u00d6zellikleri: \u00dcretici Kodu: KSM56E46BS8KM-16HA Kapasite: 16 GB<\/p>\n","protected":false},"featured_media":12369,"comment_status":"open","ping_status":"closed","template":"","meta":{"content-type":""},"product_brand":[],"product_cat":[550],"product_tag":[],"class_list":{"0":"post-12368","1":"product","2":"type-product","3":"status-publish","4":"has-post-thumbnail","6":"product_cat-bellek-sunucu-aksesuar","8":"first","9":"instock","10":"shipping-taxable","11":"purchasable","12":"product-type-simple"},"_links":{"self":[{"href":"https:\/\/xcore.com.tr\/urunler\/wp-json\/wp\/v2\/product\/12368","targetHints":{"allow":["GET"]}}],"collection":[{"href":"https:\/\/xcore.com.tr\/urunler\/wp-json\/wp\/v2\/product"}],"about":[{"href":"https:\/\/xcore.com.tr\/urunler\/wp-json\/wp\/v2\/types\/product"}],"replies":[{"embeddable":true,"href":"https:\/\/xcore.com.tr\/urunler\/wp-json\/wp\/v2\/comments?post=12368"}],"wp:featuredmedia":[{"embeddable":true,"href":"https:\/\/xcore.com.tr\/urunler\/wp-json\/wp\/v2\/media\/12369"}],"wp:attachment":[{"href":"https:\/\/xcore.com.tr\/urunler\/wp-json\/wp\/v2\/media?parent=12368"}],"wp:term":[{"taxonomy":"product_brand","embeddable":true,"href":"https:\/\/xcore.com.tr\/urunler\/wp-json\/wp\/v2\/product_brand?post=12368"},{"taxonomy":"product_cat","embeddable":true,"href":"https:\/\/xcore.com.tr\/urunler\/wp-json\/wp\/v2\/product_cat?post=12368"},{"taxonomy":"product_tag","embeddable":true,"href":"https:\/\/xcore.com.tr\/urunler\/wp-json\/wp\/v2\/product_tag?post=12368"}],"curies":[{"name":"wp","href":"https:\/\/api.w.org\/{rel}","templated":true}]}}