{"id":12370,"date":"2026-04-21T17:56:02","date_gmt":"2026-04-21T14:56:02","guid":{"rendered":"https:\/\/xcore.com.tr\/urunler\/product\/64gb-kingston-ddr5-5600mhz-registered-2rx4-sunucu-ram-ksm56r46bd4-64ha\/"},"modified":"2026-04-21T17:56:02","modified_gmt":"2026-04-21T14:56:02","slug":"64gb-kingston-ddr5-5600mhz-registered-2rx4-sunucu-ram-ksm56r46bd4-64ha","status":"publish","type":"product","link":"https:\/\/xcore.com.tr\/urunler\/product\/64gb-kingston-ddr5-5600mhz-registered-2rx4-sunucu-ram-ksm56r46bd4-64ha\/","title":{"rendered":"64GB KINGSTON DDR5 5600MHZ REGISTERED 2RX4 SUNUCU RAM KSM56R46BD4-64HA"},"content":{"rendered":"<h4>\u00dcr\u00fcn \u00d6zellikleri:<\/h4>\n<ul>\n<li><strong>Kapasite:<\/strong> 64 GB<\/li>\n<li><strong>\u00dcretici Kodu:<\/strong> KSM56R46BD4\/64HA<\/li>\n<\/ul>\n","protected":false},"excerpt":{"rendered":"<p>\u00dcr\u00fcn \u00d6zellikleri: Kapasite: 64 GB \u00dcretici Kodu: KSM56R46BD4\/64HA<\/p>\n","protected":false},"featured_media":12371,"comment_status":"open","ping_status":"closed","template":"","meta":{"content-type":""},"product_brand":[],"product_cat":[550],"product_tag":[],"class_list":{"0":"post-12370","1":"product","2":"type-product","3":"status-publish","4":"has-post-thumbnail","6":"product_cat-bellek-sunucu-aksesuar","8":"first","9":"outofstock","10":"shipping-taxable","11":"purchasable","12":"product-type-simple"},"_links":{"self":[{"href":"https:\/\/xcore.com.tr\/urunler\/wp-json\/wp\/v2\/product\/12370","targetHints":{"allow":["GET"]}}],"collection":[{"href":"https:\/\/xcore.com.tr\/urunler\/wp-json\/wp\/v2\/product"}],"about":[{"href":"https:\/\/xcore.com.tr\/urunler\/wp-json\/wp\/v2\/types\/product"}],"replies":[{"embeddable":true,"href":"https:\/\/xcore.com.tr\/urunler\/wp-json\/wp\/v2\/comments?post=12370"}],"wp:featuredmedia":[{"embeddable":true,"href":"https:\/\/xcore.com.tr\/urunler\/wp-json\/wp\/v2\/media\/12371"}],"wp:attachment":[{"href":"https:\/\/xcore.com.tr\/urunler\/wp-json\/wp\/v2\/media?parent=12370"}],"wp:term":[{"taxonomy":"product_brand","embeddable":true,"href":"https:\/\/xcore.com.tr\/urunler\/wp-json\/wp\/v2\/product_brand?post=12370"},{"taxonomy":"product_cat","embeddable":true,"href":"https:\/\/xcore.com.tr\/urunler\/wp-json\/wp\/v2\/product_cat?post=12370"},{"taxonomy":"product_tag","embeddable":true,"href":"https:\/\/xcore.com.tr\/urunler\/wp-json\/wp\/v2\/product_tag?post=12370"}],"curies":[{"name":"wp","href":"https:\/\/api.w.org\/{rel}","templated":true}]}}