{"id":12372,"date":"2026-04-21T17:56:03","date_gmt":"2026-04-21T14:56:03","guid":{"rendered":"https:\/\/xcore.com.tr\/urunler\/product\/16-gb-kingston-ddr5-5600mt-s-ecc-rdimm-cl46-ksm56r46bs8pmi-16hai\/"},"modified":"2026-04-21T17:56:03","modified_gmt":"2026-04-21T14:56:03","slug":"16-gb-kingston-ddr5-5600mt-s-ecc-rdimm-cl46-ksm56r46bs8pmi-16hai","status":"publish","type":"product","link":"https:\/\/xcore.com.tr\/urunler\/product\/16-gb-kingston-ddr5-5600mt-s-ecc-rdimm-cl46-ksm56r46bs8pmi-16hai\/","title":{"rendered":"16 GB KINGSTON DDR5 5600MT\/S ECC RDIMM CL46 KSM56R46BS8PMI-16HAI"},"content":{"rendered":"<h4>\u00dcr\u00fcn \u00d6zellikleri:<\/h4>\n<ul>\n<li><strong>Kapasite:<\/strong> 16 GB<\/li>\n<li><strong>\u00dcretici Kodu:<\/strong> KSM56R46BS8PMI-16HAI<\/li>\n<\/ul>\n","protected":false},"excerpt":{"rendered":"<p>\u00dcr\u00fcn \u00d6zellikleri: Kapasite: 16 GB \u00dcretici Kodu: KSM56R46BS8PMI-16HAI<\/p>\n","protected":false},"featured_media":12373,"comment_status":"open","ping_status":"closed","template":"","meta":{"content-type":""},"product_brand":[],"product_cat":[550],"product_tag":[],"class_list":{"0":"post-12372","1":"product","2":"type-product","3":"status-publish","4":"has-post-thumbnail","6":"product_cat-bellek-sunucu-aksesuar","8":"first","9":"outofstock","10":"shipping-taxable","11":"purchasable","12":"product-type-simple"},"_links":{"self":[{"href":"https:\/\/xcore.com.tr\/urunler\/wp-json\/wp\/v2\/product\/12372","targetHints":{"allow":["GET"]}}],"collection":[{"href":"https:\/\/xcore.com.tr\/urunler\/wp-json\/wp\/v2\/product"}],"about":[{"href":"https:\/\/xcore.com.tr\/urunler\/wp-json\/wp\/v2\/types\/product"}],"replies":[{"embeddable":true,"href":"https:\/\/xcore.com.tr\/urunler\/wp-json\/wp\/v2\/comments?post=12372"}],"wp:featuredmedia":[{"embeddable":true,"href":"https:\/\/xcore.com.tr\/urunler\/wp-json\/wp\/v2\/media\/12373"}],"wp:attachment":[{"href":"https:\/\/xcore.com.tr\/urunler\/wp-json\/wp\/v2\/media?parent=12372"}],"wp:term":[{"taxonomy":"product_brand","embeddable":true,"href":"https:\/\/xcore.com.tr\/urunler\/wp-json\/wp\/v2\/product_brand?post=12372"},{"taxonomy":"product_cat","embeddable":true,"href":"https:\/\/xcore.com.tr\/urunler\/wp-json\/wp\/v2\/product_cat?post=12372"},{"taxonomy":"product_tag","embeddable":true,"href":"https:\/\/xcore.com.tr\/urunler\/wp-json\/wp\/v2\/product_tag?post=12372"}],"curies":[{"name":"wp","href":"https:\/\/api.w.org\/{rel}","templated":true}]}}