{"id":12375,"date":"2026-04-21T17:56:04","date_gmt":"2026-04-21T14:56:04","guid":{"rendered":"https:\/\/xcore.com.tr\/urunler\/product\/hp-600gb-sas-hard-drive-12gb-s-interface-870794-001\/"},"modified":"2026-04-21T17:56:04","modified_gmt":"2026-04-21T14:56:04","slug":"hp-600gb-sas-hard-drive-12gb-s-interface-870794-001","status":"publish","type":"product","link":"https:\/\/xcore.com.tr\/urunler\/product\/hp-600gb-sas-hard-drive-12gb-s-interface-870794-001\/","title":{"rendered":"HP 600GB SAS HARD DR\u0130VE &#8211; 12GB\/S \u0130NTERFACE 870794-001"},"content":{"rendered":"<h4>\u00dcr\u00fcn \u00d6zellikleri:<\/h4>\n<ul><\/ul>\n","protected":false},"excerpt":{"rendered":"<p>\u00dcr\u00fcn \u00d6zellikleri:<\/p>\n","protected":false},"featured_media":12376,"comment_status":"open","ping_status":"closed","template":"","meta":{"content-type":""},"product_brand":[],"product_cat":[564],"product_tag":[],"class_list":{"0":"post-12375","1":"product","2":"type-product","3":"status-publish","4":"has-post-thumbnail","6":"product_cat-sabit-disk","8":"first","9":"outofstock","10":"shipping-taxable","11":"purchasable","12":"product-type-simple"},"_links":{"self":[{"href":"https:\/\/xcore.com.tr\/urunler\/wp-json\/wp\/v2\/product\/12375","targetHints":{"allow":["GET"]}}],"collection":[{"href":"https:\/\/xcore.com.tr\/urunler\/wp-json\/wp\/v2\/product"}],"about":[{"href":"https:\/\/xcore.com.tr\/urunler\/wp-json\/wp\/v2\/types\/product"}],"replies":[{"embeddable":true,"href":"https:\/\/xcore.com.tr\/urunler\/wp-json\/wp\/v2\/comments?post=12375"}],"wp:featuredmedia":[{"embeddable":true,"href":"https:\/\/xcore.com.tr\/urunler\/wp-json\/wp\/v2\/media\/12376"}],"wp:attachment":[{"href":"https:\/\/xcore.com.tr\/urunler\/wp-json\/wp\/v2\/media?parent=12375"}],"wp:term":[{"taxonomy":"product_brand","embeddable":true,"href":"https:\/\/xcore.com.tr\/urunler\/wp-json\/wp\/v2\/product_brand?post=12375"},{"taxonomy":"product_cat","embeddable":true,"href":"https:\/\/xcore.com.tr\/urunler\/wp-json\/wp\/v2\/product_cat?post=12375"},{"taxonomy":"product_tag","embeddable":true,"href":"https:\/\/xcore.com.tr\/urunler\/wp-json\/wp\/v2\/product_tag?post=12375"}],"curies":[{"name":"wp","href":"https:\/\/api.w.org\/{rel}","templated":true}]}}