{"id":12377,"date":"2026-04-21T17:56:05","date_gmt":"2026-04-21T14:56:05","guid":{"rendered":"https:\/\/xcore.com.tr\/urunler\/product\/dell-1-92tb-ssd-sata-read-intensive-2-5in-hot-plug-cus-kit-345-bdtd\/"},"modified":"2026-04-21T17:56:05","modified_gmt":"2026-04-21T14:56:05","slug":"dell-1-92tb-ssd-sata-read-intensive-2-5in-hot-plug-cus-kit-345-bdtd","status":"publish","type":"product","link":"https:\/\/xcore.com.tr\/urunler\/product\/dell-1-92tb-ssd-sata-read-intensive-2-5in-hot-plug-cus-kit-345-bdtd\/","title":{"rendered":"DELL 1.92TB SSD SATA READ INTENSIVE 2.5IN HOT-PLUG CUS KIT 345-BDTD"},"content":{"rendered":"<h4>\u00dcr\u00fcn \u00d6zellikleri:<\/h4>\n<ul>\n<li><strong>Disk Boyutu:<\/strong> 2.5<\/li>\n<li><strong>\u00d6n Bellek (Cache):<\/strong> &#8211;<\/li>\n<li><strong>Kapasite:<\/strong> 1.92 TB<\/li>\n<li><strong>D\u00f6n\u00fc\u015f H\u0131z\u0131:<\/strong> &#8211;<\/li>\n<\/ul>\n","protected":false},"excerpt":{"rendered":"<p>\u00dcr\u00fcn \u00d6zellikleri: Disk Boyutu: 2.5 \u00d6n Bellek (Cache): &#8211; Kapasite: 1.92 TB D\u00f6n\u00fc\u015f H\u0131z\u0131: &#8211;<\/p>\n","protected":false},"featured_media":0,"comment_status":"open","ping_status":"closed","template":"","meta":{"content-type":""},"product_brand":[],"product_cat":[564],"product_tag":[],"class_list":{"0":"post-12377","1":"product","2":"type-product","3":"status-publish","5":"product_cat-sabit-disk","7":"first","8":"outofstock","9":"shipping-taxable","10":"purchasable","11":"product-type-simple"},"_links":{"self":[{"href":"https:\/\/xcore.com.tr\/urunler\/wp-json\/wp\/v2\/product\/12377","targetHints":{"allow":["GET"]}}],"collection":[{"href":"https:\/\/xcore.com.tr\/urunler\/wp-json\/wp\/v2\/product"}],"about":[{"href":"https:\/\/xcore.com.tr\/urunler\/wp-json\/wp\/v2\/types\/product"}],"replies":[{"embeddable":true,"href":"https:\/\/xcore.com.tr\/urunler\/wp-json\/wp\/v2\/comments?post=12377"}],"wp:attachment":[{"href":"https:\/\/xcore.com.tr\/urunler\/wp-json\/wp\/v2\/media?parent=12377"}],"wp:term":[{"taxonomy":"product_brand","embeddable":true,"href":"https:\/\/xcore.com.tr\/urunler\/wp-json\/wp\/v2\/product_brand?post=12377"},{"taxonomy":"product_cat","embeddable":true,"href":"https:\/\/xcore.com.tr\/urunler\/wp-json\/wp\/v2\/product_cat?post=12377"},{"taxonomy":"product_tag","embeddable":true,"href":"https:\/\/xcore.com.tr\/urunler\/wp-json\/wp\/v2\/product_tag?post=12377"}],"curies":[{"name":"wp","href":"https:\/\/api.w.org\/{rel}","templated":true}]}}