{"id":12381,"date":"2026-04-21T17:56:07","date_gmt":"2026-04-21T14:56:07","guid":{"rendered":"https:\/\/xcore.com.tr\/urunler\/product\/dell-1-92tb-2-5-6g-ssd-sata-512e-hot-plug-400-axsd-r760\/"},"modified":"2026-04-21T17:56:07","modified_gmt":"2026-04-21T14:56:07","slug":"dell-1-92tb-2-5-6g-ssd-sata-512e-hot-plug-400-axsd-r760","status":"publish","type":"product","link":"https:\/\/xcore.com.tr\/urunler\/product\/dell-1-92tb-2-5-6g-ssd-sata-512e-hot-plug-400-axsd-r760\/","title":{"rendered":"DELL 1.92TB 2.5&#8243; 6G SSD SATA 512e HOT-PLUG 400 AXSD R760"},"content":{"rendered":"<h4>\u00dcr\u00fcn \u00d6zellikleri:<\/h4>\n<ul><\/ul>\n","protected":false},"excerpt":{"rendered":"<p>\u00dcr\u00fcn \u00d6zellikleri:<\/p>\n","protected":false},"featured_media":0,"comment_status":"open","ping_status":"closed","template":"","meta":{"content-type":""},"product_brand":[],"product_cat":[564],"product_tag":[],"class_list":{"0":"post-12381","1":"product","2":"type-product","3":"status-publish","5":"product_cat-sabit-disk","7":"first","8":"instock","9":"shipping-taxable","10":"purchasable","11":"product-type-simple"},"_links":{"self":[{"href":"https:\/\/xcore.com.tr\/urunler\/wp-json\/wp\/v2\/product\/12381","targetHints":{"allow":["GET"]}}],"collection":[{"href":"https:\/\/xcore.com.tr\/urunler\/wp-json\/wp\/v2\/product"}],"about":[{"href":"https:\/\/xcore.com.tr\/urunler\/wp-json\/wp\/v2\/types\/product"}],"replies":[{"embeddable":true,"href":"https:\/\/xcore.com.tr\/urunler\/wp-json\/wp\/v2\/comments?post=12381"}],"wp:attachment":[{"href":"https:\/\/xcore.com.tr\/urunler\/wp-json\/wp\/v2\/media?parent=12381"}],"wp:term":[{"taxonomy":"product_brand","embeddable":true,"href":"https:\/\/xcore.com.tr\/urunler\/wp-json\/wp\/v2\/product_brand?post=12381"},{"taxonomy":"product_cat","embeddable":true,"href":"https:\/\/xcore.com.tr\/urunler\/wp-json\/wp\/v2\/product_cat?post=12381"},{"taxonomy":"product_tag","embeddable":true,"href":"https:\/\/xcore.com.tr\/urunler\/wp-json\/wp\/v2\/product_tag?post=12381"}],"curies":[{"name":"wp","href":"https:\/\/api.w.org\/{rel}","templated":true}]}}