{"id":12384,"date":"2026-04-21T17:56:07","date_gmt":"2026-04-21T14:56:07","guid":{"rendered":"https:\/\/xcore.com.tr\/urunler\/product\/hpe-2-4tb-sas-10k-sff-bc-512e-mv-hdd-p28352-b21\/"},"modified":"2026-04-21T17:56:07","modified_gmt":"2026-04-21T14:56:07","slug":"hpe-2-4tb-sas-10k-sff-bc-512e-mv-hdd-p28352-b21","status":"publish","type":"product","link":"https:\/\/xcore.com.tr\/urunler\/product\/hpe-2-4tb-sas-10k-sff-bc-512e-mv-hdd-p28352-b21\/","title":{"rendered":"HPE 2.4TB SAS 10K SFF BC 512e MV HDD P28352-B21"},"content":{"rendered":"<h4>\u00dcr\u00fcn \u00d6zellikleri:<\/h4>\n<ul><\/ul>\n","protected":false},"excerpt":{"rendered":"<p>\u00dcr\u00fcn \u00d6zellikleri:<\/p>\n","protected":false},"featured_media":0,"comment_status":"open","ping_status":"closed","template":"","meta":{"content-type":""},"product_brand":[],"product_cat":[564],"product_tag":[],"class_list":{"0":"post-12384","1":"product","2":"type-product","3":"status-publish","5":"product_cat-sabit-disk","7":"first","8":"outofstock","9":"shipping-taxable","10":"purchasable","11":"product-type-simple"},"_links":{"self":[{"href":"https:\/\/xcore.com.tr\/urunler\/wp-json\/wp\/v2\/product\/12384","targetHints":{"allow":["GET"]}}],"collection":[{"href":"https:\/\/xcore.com.tr\/urunler\/wp-json\/wp\/v2\/product"}],"about":[{"href":"https:\/\/xcore.com.tr\/urunler\/wp-json\/wp\/v2\/types\/product"}],"replies":[{"embeddable":true,"href":"https:\/\/xcore.com.tr\/urunler\/wp-json\/wp\/v2\/comments?post=12384"}],"wp:attachment":[{"href":"https:\/\/xcore.com.tr\/urunler\/wp-json\/wp\/v2\/media?parent=12384"}],"wp:term":[{"taxonomy":"product_brand","embeddable":true,"href":"https:\/\/xcore.com.tr\/urunler\/wp-json\/wp\/v2\/product_brand?post=12384"},{"taxonomy":"product_cat","embeddable":true,"href":"https:\/\/xcore.com.tr\/urunler\/wp-json\/wp\/v2\/product_cat?post=12384"},{"taxonomy":"product_tag","embeddable":true,"href":"https:\/\/xcore.com.tr\/urunler\/wp-json\/wp\/v2\/product_tag?post=12384"}],"curies":[{"name":"wp","href":"https:\/\/api.w.org\/{rel}","templated":true}]}}