{"id":12385,"date":"2026-04-21T17:56:08","date_gmt":"2026-04-21T14:56:08","guid":{"rendered":"https:\/\/xcore.com.tr\/urunler\/product\/kingston-960gb-2-5-sata3-enterprise-560-530mbs-sedc600m-960g\/"},"modified":"2026-04-21T17:56:08","modified_gmt":"2026-04-21T14:56:08","slug":"kingston-960gb-2-5-sata3-enterprise-560-530mbs-sedc600m-960g","status":"publish","type":"product","link":"https:\/\/xcore.com.tr\/urunler\/product\/kingston-960gb-2-5-sata3-enterprise-560-530mbs-sedc600m-960g\/","title":{"rendered":"KINGSTON 960GB 2.5&#8243; SATA3 ENTERPRISE 560\/530MBS SEDC600M\/960G"},"content":{"rendered":"<h4>\u00dcr\u00fcn \u00d6zellikleri:<\/h4>\n<ul>\n<li><strong>Model Link:<\/strong> https:\/\/www.kingston.com\/tr\/ssd\/dc600m-data-center-solid-state-drive?capacity=960gb<\/li>\n<li><strong>Boyut:<\/strong> 2.5&quot;<\/li>\n<li><strong>Ba\u011flant\u0131 Tipi:<\/strong> Sata 3<\/li>\n<li><strong>Okuma H\u0131z\u0131:<\/strong> 560MB\/s<\/li>\n<li><strong>Yazma H\u0131z\u0131:<\/strong> 530MB\/s<\/li>\n<li><strong>Kapasite:<\/strong> 960 Gb<\/li>\n<\/ul>\n","protected":false},"excerpt":{"rendered":"<p>\u00dcr\u00fcn \u00d6zellikleri: Model Link: https:\/\/www.kingston.com\/tr\/ssd\/dc600m-data-center-solid-state-drive?capacity=960gb Boyut: 2.5&quot; Ba\u011flant\u0131 Tipi: Sata 3 Okuma H\u0131z\u0131: 560MB\/s Yazma H\u0131z\u0131: 530MB\/s Kapasite: 960 Gb<\/p>\n","protected":false},"featured_media":12386,"comment_status":"open","ping_status":"closed","template":"","meta":{"content-type":""},"product_brand":[],"product_cat":[564],"product_tag":[],"class_list":{"0":"post-12385","1":"product","2":"type-product","3":"status-publish","4":"has-post-thumbnail","6":"product_cat-sabit-disk","8":"first","9":"instock","10":"shipping-taxable","11":"purchasable","12":"product-type-simple"},"_links":{"self":[{"href":"https:\/\/xcore.com.tr\/urunler\/wp-json\/wp\/v2\/product\/12385","targetHints":{"allow":["GET"]}}],"collection":[{"href":"https:\/\/xcore.com.tr\/urunler\/wp-json\/wp\/v2\/product"}],"about":[{"href":"https:\/\/xcore.com.tr\/urunler\/wp-json\/wp\/v2\/types\/product"}],"replies":[{"embeddable":true,"href":"https:\/\/xcore.com.tr\/urunler\/wp-json\/wp\/v2\/comments?post=12385"}],"wp:featuredmedia":[{"embeddable":true,"href":"https:\/\/xcore.com.tr\/urunler\/wp-json\/wp\/v2\/media\/12386"}],"wp:attachment":[{"href":"https:\/\/xcore.com.tr\/urunler\/wp-json\/wp\/v2\/media?parent=12385"}],"wp:term":[{"taxonomy":"product_brand","embeddable":true,"href":"https:\/\/xcore.com.tr\/urunler\/wp-json\/wp\/v2\/product_brand?post=12385"},{"taxonomy":"product_cat","embeddable":true,"href":"https:\/\/xcore.com.tr\/urunler\/wp-json\/wp\/v2\/product_cat?post=12385"},{"taxonomy":"product_tag","embeddable":true,"href":"https:\/\/xcore.com.tr\/urunler\/wp-json\/wp\/v2\/product_tag?post=12385"}],"curies":[{"name":"wp","href":"https:\/\/api.w.org\/{rel}","templated":true}]}}