{"id":12391,"date":"2026-04-21T17:56:10","date_gmt":"2026-04-21T14:56:10","guid":{"rendered":"https:\/\/xcore.com.tr\/urunler\/product\/lenovo-960gb-2-5-sata-ssd-6gb-hot-swap-thinksystem-entry-4xb7a38273\/"},"modified":"2026-04-21T17:56:10","modified_gmt":"2026-04-21T14:56:10","slug":"lenovo-960gb-2-5-sata-ssd-6gb-hot-swap-thinksystem-entry-4xb7a38273","status":"publish","type":"product","link":"https:\/\/xcore.com.tr\/urunler\/product\/lenovo-960gb-2-5-sata-ssd-6gb-hot-swap-thinksystem-entry-4xb7a38273\/","title":{"rendered":"LENOVO 960GB 2.5&#8243; SATA SSD 6GB HOT SWAP THINKSYSTEM ENTRY 4XB7A38273"},"content":{"rendered":"<h4>\u00dcr\u00fcn \u00d6zellikleri:<\/h4>\n<ul>\n<li><strong>Kapasite:<\/strong> 960 Gb<\/li>\n<li><strong>Boyut:<\/strong> 2.5&quot;<\/li>\n<li><strong>Ba\u011flant\u0131 Tipi:<\/strong> Sata<\/li>\n<li><strong>Okuma H\u0131z\u0131:<\/strong> &#8211;<\/li>\n<li><strong>Yazma H\u0131z\u0131:<\/strong> &#8211;<\/li>\n<li><strong>A\u00e7\u0131klama:<\/strong> <\/li>\n<\/ul>\n","protected":false},"excerpt":{"rendered":"<p>\u00dcr\u00fcn \u00d6zellikleri: Kapasite: 960 Gb Boyut: 2.5&quot; Ba\u011flant\u0131 Tipi: Sata Okuma H\u0131z\u0131: &#8211; Yazma H\u0131z\u0131: &#8211; A\u00e7\u0131klama:<\/p>\n","protected":false},"featured_media":12392,"comment_status":"open","ping_status":"closed","template":"","meta":{"content-type":""},"product_brand":[],"product_cat":[564],"product_tag":[],"class_list":{"0":"post-12391","1":"product","2":"type-product","3":"status-publish","4":"has-post-thumbnail","6":"product_cat-sabit-disk","8":"first","9":"outofstock","10":"shipping-taxable","11":"purchasable","12":"product-type-simple"},"_links":{"self":[{"href":"https:\/\/xcore.com.tr\/urunler\/wp-json\/wp\/v2\/product\/12391","targetHints":{"allow":["GET"]}}],"collection":[{"href":"https:\/\/xcore.com.tr\/urunler\/wp-json\/wp\/v2\/product"}],"about":[{"href":"https:\/\/xcore.com.tr\/urunler\/wp-json\/wp\/v2\/types\/product"}],"replies":[{"embeddable":true,"href":"https:\/\/xcore.com.tr\/urunler\/wp-json\/wp\/v2\/comments?post=12391"}],"wp:featuredmedia":[{"embeddable":true,"href":"https:\/\/xcore.com.tr\/urunler\/wp-json\/wp\/v2\/media\/12392"}],"wp:attachment":[{"href":"https:\/\/xcore.com.tr\/urunler\/wp-json\/wp\/v2\/media?parent=12391"}],"wp:term":[{"taxonomy":"product_brand","embeddable":true,"href":"https:\/\/xcore.com.tr\/urunler\/wp-json\/wp\/v2\/product_brand?post=12391"},{"taxonomy":"product_cat","embeddable":true,"href":"https:\/\/xcore.com.tr\/urunler\/wp-json\/wp\/v2\/product_cat?post=12391"},{"taxonomy":"product_tag","embeddable":true,"href":"https:\/\/xcore.com.tr\/urunler\/wp-json\/wp\/v2\/product_tag?post=12391"}],"curies":[{"name":"wp","href":"https:\/\/api.w.org\/{rel}","templated":true}]}}