{"id":12395,"date":"2026-04-21T17:56:12","date_gmt":"2026-04-21T14:56:12","guid":{"rendered":"https:\/\/xcore.com.tr\/urunler\/product\/hpe-800w-flex-slot-titanium-hot-plug-low-halogen-power-supply-865438-b21\/"},"modified":"2026-04-21T17:56:12","modified_gmt":"2026-04-21T14:56:12","slug":"hpe-800w-flex-slot-titanium-hot-plug-low-halogen-power-supply-865438-b21","status":"publish","type":"product","link":"https:\/\/xcore.com.tr\/urunler\/product\/hpe-800w-flex-slot-titanium-hot-plug-low-halogen-power-supply-865438-b21\/","title":{"rendered":"HPE 800W FLEX SLOT TITANIUM HOT PLUG LOW HALOGEN POWER SUPPLY 865438-B21"},"content":{"rendered":"<h4>\u00dcr\u00fcn \u00d6zellikleri:<\/h4>\n<ul>\n<li><strong>A\u00e7\u0131klama:<\/strong> P55279-421 ile uyumludur.<\/li>\n<li><strong>Pfc \u00d6zelli\u011fi:<\/strong> &#8211;<\/li>\n<li><strong>G\u00fc\u00e7:<\/strong> 800 Watt<\/li>\n<li><strong>Fan Boyutu:<\/strong> &#8211;<\/li>\n<\/ul>\n","protected":false},"excerpt":{"rendered":"<p>\u00dcr\u00fcn \u00d6zellikleri: A\u00e7\u0131klama: P55279-421 ile uyumludur. Pfc \u00d6zelli\u011fi: &#8211; G\u00fc\u00e7: 800 Watt Fan Boyutu: &#8211;<\/p>\n","protected":false},"featured_media":12396,"comment_status":"open","ping_status":"closed","template":"","meta":{"content-type":""},"product_brand":[],"product_cat":[736],"product_tag":[],"class_list":{"0":"post-12395","1":"product","2":"type-product","3":"status-publish","4":"has-post-thumbnail","6":"product_cat-guc-kaynagi","8":"first","9":"outofstock","10":"shipping-taxable","11":"purchasable","12":"product-type-simple"},"_links":{"self":[{"href":"https:\/\/xcore.com.tr\/urunler\/wp-json\/wp\/v2\/product\/12395","targetHints":{"allow":["GET"]}}],"collection":[{"href":"https:\/\/xcore.com.tr\/urunler\/wp-json\/wp\/v2\/product"}],"about":[{"href":"https:\/\/xcore.com.tr\/urunler\/wp-json\/wp\/v2\/types\/product"}],"replies":[{"embeddable":true,"href":"https:\/\/xcore.com.tr\/urunler\/wp-json\/wp\/v2\/comments?post=12395"}],"wp:featuredmedia":[{"embeddable":true,"href":"https:\/\/xcore.com.tr\/urunler\/wp-json\/wp\/v2\/media\/12396"}],"wp:attachment":[{"href":"https:\/\/xcore.com.tr\/urunler\/wp-json\/wp\/v2\/media?parent=12395"}],"wp:term":[{"taxonomy":"product_brand","embeddable":true,"href":"https:\/\/xcore.com.tr\/urunler\/wp-json\/wp\/v2\/product_brand?post=12395"},{"taxonomy":"product_cat","embeddable":true,"href":"https:\/\/xcore.com.tr\/urunler\/wp-json\/wp\/v2\/product_cat?post=12395"},{"taxonomy":"product_tag","embeddable":true,"href":"https:\/\/xcore.com.tr\/urunler\/wp-json\/wp\/v2\/product_tag?post=12395"}],"curies":[{"name":"wp","href":"https:\/\/api.w.org\/{rel}","templated":true}]}}