{"id":12404,"date":"2026-04-21T17:56:17","date_gmt":"2026-04-21T14:56:17","guid":{"rendered":"https:\/\/xcore.com.tr\/urunler\/product\/lenovo-thinksystem-microsoft-server-2025-standard-rok-16c-7s1s0009ww\/"},"modified":"2026-04-21T17:56:17","modified_gmt":"2026-04-21T14:56:17","slug":"lenovo-thinksystem-microsoft-server-2025-standard-rok-16c-7s1s0009ww","status":"publish","type":"product","link":"https:\/\/xcore.com.tr\/urunler\/product\/lenovo-thinksystem-microsoft-server-2025-standard-rok-16c-7s1s0009ww\/","title":{"rendered":"LENOVO THINKSYSTEM MICROSOFT SERVER 2025 STANDARD ROK 16C 7S1S0009WW"},"content":{"rendered":"<h4>\u00dcr\u00fcn \u00d6zellikleri:<\/h4>\n<ul>\n<li><strong>Paket \u0130\u00e7eri\u011fi:<\/strong> &#8211;<\/li>\n<li><strong>Yaz\u0131l\u0131m T\u00fcr\u00fc:<\/strong> Sunucu<\/li>\n<\/ul>\n","protected":false},"excerpt":{"rendered":"<p>\u00dcr\u00fcn \u00d6zellikleri: Paket \u0130\u00e7eri\u011fi: &#8211; Yaz\u0131l\u0131m T\u00fcr\u00fc: Sunucu<\/p>\n","protected":false},"featured_media":12405,"comment_status":"open","ping_status":"closed","template":"","meta":{"content-type":""},"product_brand":[],"product_cat":[739],"product_tag":[],"class_list":{"0":"post-12404","1":"product","2":"type-product","3":"status-publish","4":"has-post-thumbnail","6":"product_cat-oem-rok","8":"first","9":"instock","10":"shipping-taxable","11":"purchasable","12":"product-type-simple"},"_links":{"self":[{"href":"https:\/\/xcore.com.tr\/urunler\/wp-json\/wp\/v2\/product\/12404","targetHints":{"allow":["GET"]}}],"collection":[{"href":"https:\/\/xcore.com.tr\/urunler\/wp-json\/wp\/v2\/product"}],"about":[{"href":"https:\/\/xcore.com.tr\/urunler\/wp-json\/wp\/v2\/types\/product"}],"replies":[{"embeddable":true,"href":"https:\/\/xcore.com.tr\/urunler\/wp-json\/wp\/v2\/comments?post=12404"}],"wp:featuredmedia":[{"embeddable":true,"href":"https:\/\/xcore.com.tr\/urunler\/wp-json\/wp\/v2\/media\/12405"}],"wp:attachment":[{"href":"https:\/\/xcore.com.tr\/urunler\/wp-json\/wp\/v2\/media?parent=12404"}],"wp:term":[{"taxonomy":"product_brand","embeddable":true,"href":"https:\/\/xcore.com.tr\/urunler\/wp-json\/wp\/v2\/product_brand?post=12404"},{"taxonomy":"product_cat","embeddable":true,"href":"https:\/\/xcore.com.tr\/urunler\/wp-json\/wp\/v2\/product_cat?post=12404"},{"taxonomy":"product_tag","embeddable":true,"href":"https:\/\/xcore.com.tr\/urunler\/wp-json\/wp\/v2\/product_tag?post=12404"}],"curies":[{"name":"wp","href":"https:\/\/api.w.org\/{rel}","templated":true}]}}