{"id":8407,"date":"2026-04-21T16:43:18","date_gmt":"2026-04-21T13:43:18","guid":{"rendered":"https:\/\/xcore.com.tr\/urunler\/product\/32-gb-kingston-ddr5-5600mhz-rdimm-cl46-2rx8-1-1v-ktd-pe556d8-32g\/"},"modified":"2026-04-21T16:43:18","modified_gmt":"2026-04-21T13:43:18","slug":"32-gb-kingston-ddr5-5600mhz-rdimm-cl46-2rx8-1-1v-ktd-pe556d8-32g","status":"publish","type":"product","link":"https:\/\/xcore.com.tr\/urunler\/product\/32-gb-kingston-ddr5-5600mhz-rdimm-cl46-2rx8-1-1v-ktd-pe556d8-32g\/","title":{"rendered":"32 GB KINGSTON DDR5 5600MHZ RDIMM CL46 2RX8 1.1V KTD-PE556D8-32G"},"content":{"rendered":"<h4>\u00dcr\u00fcn \u00d6zellikleri:<\/h4>\n<ul>\n<li><strong>\u00dcretici Kodu:<\/strong> KTD-PE556D8-32G<\/li>\n<li><strong>Kapasite:<\/strong> 32 GB<\/li>\n<\/ul>\n","protected":false},"excerpt":{"rendered":"<p>\u00dcr\u00fcn \u00d6zellikleri: \u00dcretici Kodu: KTD-PE556D8-32G Kapasite: 32 GB<\/p>\n","protected":false},"featured_media":8408,"comment_status":"open","ping_status":"closed","template":"","meta":{"content-type":""},"product_brand":[],"product_cat":[550],"product_tag":[],"class_list":{"0":"post-8407","1":"product","2":"type-product","3":"status-publish","4":"has-post-thumbnail","6":"product_cat-bellek-sunucu-aksesuar","8":"first","9":"outofstock","10":"shipping-taxable","11":"purchasable","12":"product-type-simple"},"_links":{"self":[{"href":"https:\/\/xcore.com.tr\/urunler\/wp-json\/wp\/v2\/product\/8407","targetHints":{"allow":["GET"]}}],"collection":[{"href":"https:\/\/xcore.com.tr\/urunler\/wp-json\/wp\/v2\/product"}],"about":[{"href":"https:\/\/xcore.com.tr\/urunler\/wp-json\/wp\/v2\/types\/product"}],"replies":[{"embeddable":true,"href":"https:\/\/xcore.com.tr\/urunler\/wp-json\/wp\/v2\/comments?post=8407"}],"wp:featuredmedia":[{"embeddable":true,"href":"https:\/\/xcore.com.tr\/urunler\/wp-json\/wp\/v2\/media\/8408"}],"wp:attachment":[{"href":"https:\/\/xcore.com.tr\/urunler\/wp-json\/wp\/v2\/media?parent=8407"}],"wp:term":[{"taxonomy":"product_brand","embeddable":true,"href":"https:\/\/xcore.com.tr\/urunler\/wp-json\/wp\/v2\/product_brand?post=8407"},{"taxonomy":"product_cat","embeddable":true,"href":"https:\/\/xcore.com.tr\/urunler\/wp-json\/wp\/v2\/product_cat?post=8407"},{"taxonomy":"product_tag","embeddable":true,"href":"https:\/\/xcore.com.tr\/urunler\/wp-json\/wp\/v2\/product_tag?post=8407"}],"curies":[{"name":"wp","href":"https:\/\/api.w.org\/{rel}","templated":true}]}}