{"id":8409,"date":"2026-04-21T16:43:19","date_gmt":"2026-04-21T13:43:19","guid":{"rendered":"https:\/\/xcore.com.tr\/urunler\/product\/64-gb-kingston-ddr5-5600mhz-rdimm-cl46-2rx4-1-1v-ktd-pe556d4-64g\/"},"modified":"2026-04-21T16:43:19","modified_gmt":"2026-04-21T13:43:19","slug":"64-gb-kingston-ddr5-5600mhz-rdimm-cl46-2rx4-1-1v-ktd-pe556d4-64g","status":"publish","type":"product","link":"https:\/\/xcore.com.tr\/urunler\/product\/64-gb-kingston-ddr5-5600mhz-rdimm-cl46-2rx4-1-1v-ktd-pe556d4-64g\/","title":{"rendered":"64 GB KINGSTON DDR5 5600MHZ RDIMM CL46 2RX4 1.1V KTD-PE556D4-64G"},"content":{"rendered":"<h4>\u00dcr\u00fcn \u00d6zellikleri:<\/h4>\n<ul>\n<li><strong>\u00dcretici Kodu:<\/strong> KTD-PE556D4-64G<\/li>\n<li><strong>Model Link:<\/strong> <\/li>\n<li><strong>Kapasite:<\/strong> 64 GB<\/li>\n<\/ul>\n","protected":false},"excerpt":{"rendered":"<p>\u00dcr\u00fcn \u00d6zellikleri: \u00dcretici Kodu: KTD-PE556D4-64G Model Link: Kapasite: 64 GB<\/p>\n","protected":false},"featured_media":8410,"comment_status":"open","ping_status":"closed","template":"","meta":{"content-type":""},"product_brand":[],"product_cat":[550],"product_tag":[],"class_list":{"0":"post-8409","1":"product","2":"type-product","3":"status-publish","4":"has-post-thumbnail","6":"product_cat-bellek-sunucu-aksesuar","8":"first","9":"outofstock","10":"shipping-taxable","11":"purchasable","12":"product-type-simple"},"_links":{"self":[{"href":"https:\/\/xcore.com.tr\/urunler\/wp-json\/wp\/v2\/product\/8409","targetHints":{"allow":["GET"]}}],"collection":[{"href":"https:\/\/xcore.com.tr\/urunler\/wp-json\/wp\/v2\/product"}],"about":[{"href":"https:\/\/xcore.com.tr\/urunler\/wp-json\/wp\/v2\/types\/product"}],"replies":[{"embeddable":true,"href":"https:\/\/xcore.com.tr\/urunler\/wp-json\/wp\/v2\/comments?post=8409"}],"wp:featuredmedia":[{"embeddable":true,"href":"https:\/\/xcore.com.tr\/urunler\/wp-json\/wp\/v2\/media\/8410"}],"wp:attachment":[{"href":"https:\/\/xcore.com.tr\/urunler\/wp-json\/wp\/v2\/media?parent=8409"}],"wp:term":[{"taxonomy":"product_brand","embeddable":true,"href":"https:\/\/xcore.com.tr\/urunler\/wp-json\/wp\/v2\/product_brand?post=8409"},{"taxonomy":"product_cat","embeddable":true,"href":"https:\/\/xcore.com.tr\/urunler\/wp-json\/wp\/v2\/product_cat?post=8409"},{"taxonomy":"product_tag","embeddable":true,"href":"https:\/\/xcore.com.tr\/urunler\/wp-json\/wp\/v2\/product_tag?post=8409"}],"curies":[{"name":"wp","href":"https:\/\/api.w.org\/{rel}","templated":true}]}}