{"id":8411,"date":"2026-04-21T16:43:20","date_gmt":"2026-04-21T13:43:20","guid":{"rendered":"https:\/\/xcore.com.tr\/urunler\/product\/kingston-32gb-ddr5-5600mhz-rdimm-cl46-2rx8-1-1v-kth-pl556d8-32g\/"},"modified":"2026-04-21T16:43:20","modified_gmt":"2026-04-21T13:43:20","slug":"kingston-32gb-ddr5-5600mhz-rdimm-cl46-2rx8-1-1v-kth-pl556d8-32g","status":"publish","type":"product","link":"https:\/\/xcore.com.tr\/urunler\/product\/kingston-32gb-ddr5-5600mhz-rdimm-cl46-2rx8-1-1v-kth-pl556d8-32g\/","title":{"rendered":"KINGSTON 32GB DDR5 5600MHZ RDIMM CL46 2RX8 1.1V KTH-PL556D8-32G"},"content":{"rendered":"<h4>\u00dcr\u00fcn \u00d6zellikleri:<\/h4>\n<ul>\n<li><strong>Kapasite:<\/strong> 32 GB<\/li>\n<li><strong>\u00dcretici Kodu:<\/strong> KTH-PL556D8-32G<\/li>\n<\/ul>\n","protected":false},"excerpt":{"rendered":"<p>\u00dcr\u00fcn \u00d6zellikleri: Kapasite: 32 GB \u00dcretici Kodu: KTH-PL556D8-32G<\/p>\n","protected":false},"featured_media":8412,"comment_status":"open","ping_status":"closed","template":"","meta":{"content-type":""},"product_brand":[],"product_cat":[550],"product_tag":[],"class_list":{"0":"post-8411","1":"product","2":"type-product","3":"status-publish","4":"has-post-thumbnail","6":"product_cat-bellek-sunucu-aksesuar","8":"first","9":"outofstock","10":"shipping-taxable","11":"purchasable","12":"product-type-simple"},"_links":{"self":[{"href":"https:\/\/xcore.com.tr\/urunler\/wp-json\/wp\/v2\/product\/8411","targetHints":{"allow":["GET"]}}],"collection":[{"href":"https:\/\/xcore.com.tr\/urunler\/wp-json\/wp\/v2\/product"}],"about":[{"href":"https:\/\/xcore.com.tr\/urunler\/wp-json\/wp\/v2\/types\/product"}],"replies":[{"embeddable":true,"href":"https:\/\/xcore.com.tr\/urunler\/wp-json\/wp\/v2\/comments?post=8411"}],"wp:featuredmedia":[{"embeddable":true,"href":"https:\/\/xcore.com.tr\/urunler\/wp-json\/wp\/v2\/media\/8412"}],"wp:attachment":[{"href":"https:\/\/xcore.com.tr\/urunler\/wp-json\/wp\/v2\/media?parent=8411"}],"wp:term":[{"taxonomy":"product_brand","embeddable":true,"href":"https:\/\/xcore.com.tr\/urunler\/wp-json\/wp\/v2\/product_brand?post=8411"},{"taxonomy":"product_cat","embeddable":true,"href":"https:\/\/xcore.com.tr\/urunler\/wp-json\/wp\/v2\/product_cat?post=8411"},{"taxonomy":"product_tag","embeddable":true,"href":"https:\/\/xcore.com.tr\/urunler\/wp-json\/wp\/v2\/product_tag?post=8411"}],"curies":[{"name":"wp","href":"https:\/\/api.w.org\/{rel}","templated":true}]}}