{"id":8532,"date":"2026-04-21T16:44:19","date_gmt":"2026-04-21T13:44:19","guid":{"rendered":"https:\/\/xcore.com.tr\/urunler\/product\/qnap-ts-233-2gb-ram-2-hdd-yuvali-tower-nas-resmi-distributor-garantili\/"},"modified":"2026-04-21T16:44:19","modified_gmt":"2026-04-21T13:44:19","slug":"qnap-ts-233-2gb-ram-2-hdd-yuvali-tower-nas-resmi-distributor-garantili","status":"publish","type":"product","link":"https:\/\/xcore.com.tr\/urunler\/product\/qnap-ts-233-2gb-ram-2-hdd-yuvali-tower-nas-resmi-distributor-garantili\/","title":{"rendered":"QNAP TS-233-2GB RAM 2 HDD YUVALI TOWER NAS (RESM\u0130 D\u0130STR\u0130B\u00dcT\u00d6R GARANT\u0130L\u0130)"},"content":{"rendered":"<h4>\u00dcr\u00fcn \u00d6zellikleri:<\/h4>\n<ul>\n<li><strong>Bellek Yuvas\u0131:<\/strong> 1x<\/li>\n<li><strong>\u0130\u015fletim Sistemi:<\/strong> QTS 5.0.0<\/li>\n<li><strong>Usb 3.0:<\/strong> &#8211;<\/li>\n<li><strong>Bellek:<\/strong> 2 GB DDR4<\/li>\n<li><strong>Maksimum Bellek Kapasitesi:<\/strong> 32 GB<\/li>\n<li><strong>Usb 2.0:<\/strong> 2x<\/li>\n<li><strong>Raid Deste\u011fi:<\/strong> Raid 0, Raid 1, JBOD<\/li>\n<li><strong>Model Link:<\/strong> https:\/\/www.qnap.com\/tr-tr\/product\/ts-233\/specs\/hardware<\/li>\n<li><strong>Maksimum Tak\u0131labilir Disk Adedi:<\/strong> 2x<\/li>\n<li><strong>Maksimum Disk Kapasitesi:<\/strong> 24 Tb<\/li>\n<li><strong>Ethernet:<\/strong> Gigabit Ethernet Ba\u011flant\u0131 Noktas\u0131 (RJ45)<\/li>\n<li><strong>\u0130\u015flemci:<\/strong> ARM 4 \u00e7ekirdekli Cortex-A55 2.0GHz i\u015flemci&#xD;\n<\/li>\n<li><strong>Kasa:<\/strong> Tower<\/li>\n<li><strong>Usb 3.2:<\/strong> 1x<\/li>\n<li><strong>Disk Yuvalar\u0131:<\/strong> 3.5 inch<\/li>\n<\/ul>\n","protected":false},"excerpt":{"rendered":"<p>\u00dcr\u00fcn \u00d6zellikleri: Bellek Yuvas\u0131: 1x \u0130\u015fletim Sistemi: QTS 5.0.0 Usb 3.0: &#8211; Bellek: 2 GB DDR4 Maksimum Bellek Kapasitesi: 32 GB Usb 2.0: 2x Raid Deste\u011fi: Raid 0, Raid 1, JBOD Model Link: https:\/\/www.qnap.com\/tr-tr\/product\/ts-233\/specs\/hardware Maksimum Tak\u0131labilir Disk Adedi: 2x Maksimum Disk Kapasitesi: 24 Tb Ethernet: Gigabit Ethernet Ba\u011flant\u0131 Noktas\u0131 (RJ45) \u0130\u015flemci: ARM 4 \u00e7ekirdekli Cortex-A55 [&hellip;]<\/p>\n","protected":false},"featured_media":8533,"comment_status":"open","ping_status":"closed","template":"","meta":{"content-type":""},"product_brand":[],"product_cat":[555],"product_tag":[],"class_list":{"0":"post-8532","1":"product","2":"type-product","3":"status-publish","4":"has-post-thumbnail","6":"product_cat-veri-depolama-cihazlari","8":"first","9":"instock","10":"shipping-taxable","11":"purchasable","12":"product-type-simple"},"_links":{"self":[{"href":"https:\/\/xcore.com.tr\/urunler\/wp-json\/wp\/v2\/product\/8532","targetHints":{"allow":["GET"]}}],"collection":[{"href":"https:\/\/xcore.com.tr\/urunler\/wp-json\/wp\/v2\/product"}],"about":[{"href":"https:\/\/xcore.com.tr\/urunler\/wp-json\/wp\/v2\/types\/product"}],"replies":[{"embeddable":true,"href":"https:\/\/xcore.com.tr\/urunler\/wp-json\/wp\/v2\/comments?post=8532"}],"wp:featuredmedia":[{"embeddable":true,"href":"https:\/\/xcore.com.tr\/urunler\/wp-json\/wp\/v2\/media\/8533"}],"wp:attachment":[{"href":"https:\/\/xcore.com.tr\/urunler\/wp-json\/wp\/v2\/media?parent=8532"}],"wp:term":[{"taxonomy":"product_brand","embeddable":true,"href":"https:\/\/xcore.com.tr\/urunler\/wp-json\/wp\/v2\/product_brand?post=8532"},{"taxonomy":"product_cat","embeddable":true,"href":"https:\/\/xcore.com.tr\/urunler\/wp-json\/wp\/v2\/product_cat?post=8532"},{"taxonomy":"product_tag","embeddable":true,"href":"https:\/\/xcore.com.tr\/urunler\/wp-json\/wp\/v2\/product_tag?post=8532"}],"curies":[{"name":"wp","href":"https:\/\/api.w.org\/{rel}","templated":true}]}}