{"id":8534,"date":"2026-04-21T16:44:20","date_gmt":"2026-04-21T13:44:20","guid":{"rendered":"https:\/\/xcore.com.tr\/urunler\/product\/qnap-ts-873aeu-rp-4g-ram-8-hdd-yuvali-rack-nas-resmi-distributor-garantili\/"},"modified":"2026-04-21T16:44:20","modified_gmt":"2026-04-21T13:44:20","slug":"qnap-ts-873aeu-rp-4g-ram-8-hdd-yuvali-rack-nas-resmi-distributor-garantili","status":"publish","type":"product","link":"https:\/\/xcore.com.tr\/urunler\/product\/qnap-ts-873aeu-rp-4g-ram-8-hdd-yuvali-rack-nas-resmi-distributor-garantili\/","title":{"rendered":"QNAP TS-873AEU-RP-4G RAM 8 HDD YUVALI RACK NAS (RESM\u0130 D\u0130STR\u0130B\u00dcT\u00d6R GARANT\u0130L\u0130)"},"content":{"rendered":"<h4>\u00dcr\u00fcn \u00d6zellikleri:<\/h4>\n<ul>\n<li><strong>Usb 3.2:<\/strong> 4x<\/li>\n<li><strong>Bellek Yuvas\u0131:<\/strong> 2x<\/li>\n<li><strong>Maksimum Bellek Kapasitesi:<\/strong> 64 GB<\/li>\n<li><strong>Disk Yuvalar\u0131:<\/strong> 3.5 inch<\/li>\n<li><strong>\u0130\u015fletim Sistemi:<\/strong> QuTS hero h5.0.0&#xD;<br \/>\n&#xD;\n<\/li>\n<li><strong>\u0130\u015flemci:<\/strong> AMD Ryzen\u2122 Yerle\u015fik V1500B 4 \u00e7ekirdekli\/8 i\u015f par\u00e7ac\u0131kl\u0131 2,2 GHz i\u015flemci&#xD;\n<\/li>\n<li><strong>Usb 2.0:<\/strong> &#8211;<\/li>\n<li><strong>Maksimum Disk Kapasitesi:<\/strong> 144 TB<\/li>\n<li><strong>Ethernet:<\/strong> 2.5 Gigabit Ethernet Ba\u011flant\u0131 Noktas\u0131 (2.5G\/1G\/100M)<\/li>\n<li><strong>Bellek:<\/strong> 4 GB SODIMM DDR4 (1 x 4 GB)&#xD;\n<\/li>\n<li><strong>Usb 3.0:<\/strong> &#8211;<\/li>\n<li><strong>Maksimum Tak\u0131labilir Disk Adedi:<\/strong> 8x<\/li>\n<li><strong>Raid Deste\u011fi:<\/strong> Raid 0<\/li>\n<li><strong>Kasa:<\/strong> Rackmount<\/li>\n<li><strong>Model Link:<\/strong> https:\/\/www.qnap.com\/tr-tr\/product\/ts-873aeu-rp\/specs\/hardware<\/li>\n<\/ul>\n","protected":false},"excerpt":{"rendered":"<p>\u00dcr\u00fcn \u00d6zellikleri: Usb 3.2: 4x Bellek Yuvas\u0131: 2x Maksimum Bellek Kapasitesi: 64 GB Disk Yuvalar\u0131: 3.5 inch \u0130\u015fletim Sistemi: QuTS hero h5.0.0&#xD; &#xD; \u0130\u015flemci: AMD Ryzen\u2122 Yerle\u015fik V1500B 4 \u00e7ekirdekli\/8 i\u015f par\u00e7ac\u0131kl\u0131 2,2 GHz i\u015flemci&#xD; Usb 2.0: &#8211; Maksimum Disk Kapasitesi: 144 TB Ethernet: 2.5 Gigabit Ethernet Ba\u011flant\u0131 Noktas\u0131 (2.5G\/1G\/100M) Bellek: 4 GB SODIMM DDR4 [&hellip;]<\/p>\n","protected":false},"featured_media":8535,"comment_status":"open","ping_status":"closed","template":"","meta":{"content-type":""},"product_brand":[],"product_cat":[555],"product_tag":[],"class_list":{"0":"post-8534","1":"product","2":"type-product","3":"status-publish","4":"has-post-thumbnail","6":"product_cat-veri-depolama-cihazlari","8":"first","9":"outofstock","10":"shipping-taxable","11":"purchasable","12":"product-type-simple"},"_links":{"self":[{"href":"https:\/\/xcore.com.tr\/urunler\/wp-json\/wp\/v2\/product\/8534","targetHints":{"allow":["GET"]}}],"collection":[{"href":"https:\/\/xcore.com.tr\/urunler\/wp-json\/wp\/v2\/product"}],"about":[{"href":"https:\/\/xcore.com.tr\/urunler\/wp-json\/wp\/v2\/types\/product"}],"replies":[{"embeddable":true,"href":"https:\/\/xcore.com.tr\/urunler\/wp-json\/wp\/v2\/comments?post=8534"}],"wp:featuredmedia":[{"embeddable":true,"href":"https:\/\/xcore.com.tr\/urunler\/wp-json\/wp\/v2\/media\/8535"}],"wp:attachment":[{"href":"https:\/\/xcore.com.tr\/urunler\/wp-json\/wp\/v2\/media?parent=8534"}],"wp:term":[{"taxonomy":"product_brand","embeddable":true,"href":"https:\/\/xcore.com.tr\/urunler\/wp-json\/wp\/v2\/product_brand?post=8534"},{"taxonomy":"product_cat","embeddable":true,"href":"https:\/\/xcore.com.tr\/urunler\/wp-json\/wp\/v2\/product_cat?post=8534"},{"taxonomy":"product_tag","embeddable":true,"href":"https:\/\/xcore.com.tr\/urunler\/wp-json\/wp\/v2\/product_tag?post=8534"}],"curies":[{"name":"wp","href":"https:\/\/api.w.org\/{rel}","templated":true}]}}