{"id":8536,"date":"2026-04-21T16:44:21","date_gmt":"2026-04-21T13:44:21","guid":{"rendered":"https:\/\/xcore.com.tr\/urunler\/product\/qnap-ts-433-4gb-ram-4-hdd-yuvali-tower-nas-resmi-distributor-garantili\/"},"modified":"2026-04-21T16:44:21","modified_gmt":"2026-04-21T13:44:21","slug":"qnap-ts-433-4gb-ram-4-hdd-yuvali-tower-nas-resmi-distributor-garantili","status":"publish","type":"product","link":"https:\/\/xcore.com.tr\/urunler\/product\/qnap-ts-433-4gb-ram-4-hdd-yuvali-tower-nas-resmi-distributor-garantili\/","title":{"rendered":"QNAP TS-433-4GB RAM 4 HDD YUVALI TOWER NAS (RESM\u0130 D\u0130STR\u0130B\u00dcT\u00d6R GARANT\u0130L\u0130)"},"content":{"rendered":"<h4>\u00dcr\u00fcn \u00d6zellikleri:<\/h4>\n<ul>\n<li><strong>\u0130\u015fletim Sistemi:<\/strong> QTS 5.0.1<\/li>\n<li><strong>Disk Yuvalar\u0131:<\/strong> 3.5 inch<\/li>\n<li><strong>Bellek Yuvas\u0131:<\/strong> 1x<\/li>\n<li><strong>Usb 2.0:<\/strong> 2x<\/li>\n<li><strong>\u0130\u015flemci:<\/strong> ARM 4 \u00e7ekirdekli Cortex-A55 2.0GHz i\u015flemci<\/li>\n<li><strong>Maksimum Disk Kapasitesi:<\/strong> 72 TB<\/li>\n<li><strong>Kasa:<\/strong> Tower<\/li>\n<li><strong>Usb 3.2:<\/strong> 1x<\/li>\n<li><strong>Maksimum Bellek Kapasitesi:<\/strong> 4<\/li>\n<li><strong>Raid Deste\u011fi:<\/strong> JBOD, Tek, RAID 0, 1<\/li>\n<li><strong>Ethernet:<\/strong> 2.5 Gigabit Ethernet Ba\u011flant\u0131 Noktas\u0131 (2.5G\/1G\/100M)<\/li>\n<li><strong>Bellek:<\/strong> 4 GB dahili (geni\u015fletilemez)<\/li>\n<li><strong>Model Link:<\/strong> https:\/\/www.qnap.com\/tr-tr\/product\/ts-433\/specs\/hardware<\/li>\n<li><strong>Maksimum Tak\u0131labilir Disk Adedi:<\/strong> 4x<\/li>\n<li><strong>Usb 3.0:<\/strong> &#8211;<\/li>\n<\/ul>\n","protected":false},"excerpt":{"rendered":"<p>\u00dcr\u00fcn \u00d6zellikleri: \u0130\u015fletim Sistemi: QTS 5.0.1 Disk Yuvalar\u0131: 3.5 inch Bellek Yuvas\u0131: 1x Usb 2.0: 2x \u0130\u015flemci: ARM 4 \u00e7ekirdekli Cortex-A55 2.0GHz i\u015flemci Maksimum Disk Kapasitesi: 72 TB Kasa: Tower Usb 3.2: 1x Maksimum Bellek Kapasitesi: 4 Raid Deste\u011fi: JBOD, Tek, RAID 0, 1 Ethernet: 2.5 Gigabit Ethernet Ba\u011flant\u0131 Noktas\u0131 (2.5G\/1G\/100M) Bellek: 4 GB dahili [&hellip;]<\/p>\n","protected":false},"featured_media":8537,"comment_status":"open","ping_status":"closed","template":"","meta":{"content-type":""},"product_brand":[],"product_cat":[555],"product_tag":[],"class_list":{"0":"post-8536","1":"product","2":"type-product","3":"status-publish","4":"has-post-thumbnail","6":"product_cat-veri-depolama-cihazlari","8":"first","9":"instock","10":"shipping-taxable","11":"purchasable","12":"product-type-simple"},"_links":{"self":[{"href":"https:\/\/xcore.com.tr\/urunler\/wp-json\/wp\/v2\/product\/8536","targetHints":{"allow":["GET"]}}],"collection":[{"href":"https:\/\/xcore.com.tr\/urunler\/wp-json\/wp\/v2\/product"}],"about":[{"href":"https:\/\/xcore.com.tr\/urunler\/wp-json\/wp\/v2\/types\/product"}],"replies":[{"embeddable":true,"href":"https:\/\/xcore.com.tr\/urunler\/wp-json\/wp\/v2\/comments?post=8536"}],"wp:featuredmedia":[{"embeddable":true,"href":"https:\/\/xcore.com.tr\/urunler\/wp-json\/wp\/v2\/media\/8537"}],"wp:attachment":[{"href":"https:\/\/xcore.com.tr\/urunler\/wp-json\/wp\/v2\/media?parent=8536"}],"wp:term":[{"taxonomy":"product_brand","embeddable":true,"href":"https:\/\/xcore.com.tr\/urunler\/wp-json\/wp\/v2\/product_brand?post=8536"},{"taxonomy":"product_cat","embeddable":true,"href":"https:\/\/xcore.com.tr\/urunler\/wp-json\/wp\/v2\/product_cat?post=8536"},{"taxonomy":"product_tag","embeddable":true,"href":"https:\/\/xcore.com.tr\/urunler\/wp-json\/wp\/v2\/product_tag?post=8536"}],"curies":[{"name":"wp","href":"https:\/\/api.w.org\/{rel}","templated":true}]}}