{"id":8540,"date":"2026-04-21T16:44:22","date_gmt":"2026-04-21T13:44:22","guid":{"rendered":"https:\/\/xcore.com.tr\/urunler\/product\/qnap-ts-133-2gb-ram-1-hdd-yuvali-tower-nas-resmi-distributor-garantili\/"},"modified":"2026-04-21T16:44:22","modified_gmt":"2026-04-21T13:44:22","slug":"qnap-ts-133-2gb-ram-1-hdd-yuvali-tower-nas-resmi-distributor-garantili","status":"publish","type":"product","link":"https:\/\/xcore.com.tr\/urunler\/product\/qnap-ts-133-2gb-ram-1-hdd-yuvali-tower-nas-resmi-distributor-garantili\/","title":{"rendered":"QNAP TS-133-2GB RAM 1 HDD YUVALI TOWER NAS (RESM\u0130 D\u0130STR\u0130B\u00dcT\u00d6R GARANT\u0130L\u0130)"},"content":{"rendered":"<h4>\u00dcr\u00fcn \u00d6zellikleri:<\/h4>\n<ul>\n<li><strong>Usb 3.0:<\/strong> &#8211;<\/li>\n<li><strong>Kasa:<\/strong> Tower<\/li>\n<li><strong>Usb 2.0:<\/strong> &#8211;<\/li>\n<li><strong>Usb 3.2:<\/strong> Yok<\/li>\n<li><strong>\u0130\u015flemci:<\/strong> Intel\u00ae Celeron\u00ae N4505 4 \u00e7ekirdekli, 2,9 GHz<\/li>\n<li><strong>Maksimum Bellek Kapasitesi:<\/strong> 2 GB<\/li>\n<li><strong>Disk Yuvalar\u0131:<\/strong> 3.5 inch<\/li>\n<li><strong>Bellek Yuvas\u0131:<\/strong> 1x<\/li>\n<li><strong>\u0130\u015fletim Sistemi:<\/strong> Mac OS, Mac OS 10.5.8 veya \u00fcst\u00fc, Mac OS 10.6+, Windows 10, Windows 11, Windows 7, Windows 8, Windows Vista, Windows XP<\/li>\n<li><strong>Maksimum Tak\u0131labilir Disk Adedi:<\/strong> 1x<\/li>\n<li><strong>Raid Deste\u011fi:<\/strong> Raid 5, Raid 10<\/li>\n<li><strong>Maksimum Disk Kapasitesi:<\/strong> 20 Tb<\/li>\n<li><strong>Ethernet:<\/strong> Gigabit Ethernet Ba\u011flant\u0131 Noktas\u0131 (RJ45)<\/li>\n<li><strong>Model Link:<\/strong> https:\/\/www.qnap.com\/tr-tr\/product\/ts-133\/specs\/hardware<\/li>\n<li><strong>Bellek:<\/strong> 2 GB yerle\u015fik (geni\u015fletilemez)<\/li>\n<\/ul>\n","protected":false},"excerpt":{"rendered":"<p>\u00dcr\u00fcn \u00d6zellikleri: Usb 3.0: &#8211; Kasa: Tower Usb 2.0: &#8211; Usb 3.2: Yok \u0130\u015flemci: Intel\u00ae Celeron\u00ae N4505 4 \u00e7ekirdekli, 2,9 GHz Maksimum Bellek Kapasitesi: 2 GB Disk Yuvalar\u0131: 3.5 inch Bellek Yuvas\u0131: 1x \u0130\u015fletim Sistemi: Mac OS, Mac OS 10.5.8 veya \u00fcst\u00fc, Mac OS 10.6+, Windows 10, Windows 11, Windows 7, Windows 8, Windows Vista, [&hellip;]<\/p>\n","protected":false},"featured_media":8541,"comment_status":"open","ping_status":"closed","template":"","meta":{"content-type":""},"product_brand":[],"product_cat":[555],"product_tag":[],"class_list":{"0":"post-8540","1":"product","2":"type-product","3":"status-publish","4":"has-post-thumbnail","6":"product_cat-veri-depolama-cihazlari","8":"first","9":"instock","10":"shipping-taxable","11":"purchasable","12":"product-type-simple"},"_links":{"self":[{"href":"https:\/\/xcore.com.tr\/urunler\/wp-json\/wp\/v2\/product\/8540","targetHints":{"allow":["GET"]}}],"collection":[{"href":"https:\/\/xcore.com.tr\/urunler\/wp-json\/wp\/v2\/product"}],"about":[{"href":"https:\/\/xcore.com.tr\/urunler\/wp-json\/wp\/v2\/types\/product"}],"replies":[{"embeddable":true,"href":"https:\/\/xcore.com.tr\/urunler\/wp-json\/wp\/v2\/comments?post=8540"}],"wp:featuredmedia":[{"embeddable":true,"href":"https:\/\/xcore.com.tr\/urunler\/wp-json\/wp\/v2\/media\/8541"}],"wp:attachment":[{"href":"https:\/\/xcore.com.tr\/urunler\/wp-json\/wp\/v2\/media?parent=8540"}],"wp:term":[{"taxonomy":"product_brand","embeddable":true,"href":"https:\/\/xcore.com.tr\/urunler\/wp-json\/wp\/v2\/product_brand?post=8540"},{"taxonomy":"product_cat","embeddable":true,"href":"https:\/\/xcore.com.tr\/urunler\/wp-json\/wp\/v2\/product_cat?post=8540"},{"taxonomy":"product_tag","embeddable":true,"href":"https:\/\/xcore.com.tr\/urunler\/wp-json\/wp\/v2\/product_tag?post=8540"}],"curies":[{"name":"wp","href":"https:\/\/api.w.org\/{rel}","templated":true}]}}