{"id":8544,"date":"2026-04-21T16:44:24","date_gmt":"2026-04-21T13:44:24","guid":{"rendered":"https:\/\/xcore.com.tr\/urunler\/product\/qnap-ts-632x-4gb-ram-6-hdd-yuvali-tower-nas-resmi-distributor-garantili\/"},"modified":"2026-04-21T16:44:24","modified_gmt":"2026-04-21T13:44:24","slug":"qnap-ts-632x-4gb-ram-6-hdd-yuvali-tower-nas-resmi-distributor-garantili","status":"publish","type":"product","link":"https:\/\/xcore.com.tr\/urunler\/product\/qnap-ts-632x-4gb-ram-6-hdd-yuvali-tower-nas-resmi-distributor-garantili\/","title":{"rendered":"QNAP TS-632X-4GB RAM 6 HDD YUVALI TOWER NAS (RESM\u0130 D\u0130STR\u0130B\u00dcT\u00d6R GARANT\u0130L\u0130)"},"content":{"rendered":"<h4>\u00dcr\u00fcn \u00d6zellikleri:<\/h4>\n<ul>\n<li><strong>Bellek Yuvas\u0131:<\/strong> 1x<\/li>\n<li><strong>Usb 3.0:<\/strong> &#8211;<\/li>\n<li><strong>Kasa:<\/strong> Tower<\/li>\n<li><strong>Ethernet:<\/strong> 2 x 10GbE SFP+ SmartNIC ba\u011flant\u0131 noktas\u0131<\/li>\n<li><strong>Disk Yuvalar\u0131:<\/strong> 2.5 inch, 3.5 inch<\/li>\n<li><strong>Usb 2.0:<\/strong> &#8211;<\/li>\n<li><strong>Raid Deste\u011fi:<\/strong> JBOD, Tek, RAID 0, 1, 5, 6, 10, 50<\/li>\n<li><strong>Bellek:<\/strong> 4 GB SODIMM DDR4 (1 x 4 GB)<\/li>\n<li><strong>\u0130\u015fletim Sistemi:<\/strong> QTS5.2.0&#xD;<br \/>\n&#xD;<br \/>\nDesteklenen \u0130stemci \u0130\u015fletim Sistemleri:&#xD;<br \/>\nApple Mac OS 10.10 veya \u00fczeri&#xD;<br \/>\nUbuntu 14.04, CentOS 7, RHEL 6.6, SUSE 12 veya \u00fczeri Linux&#xD;<br \/>\nIBM AIX 7, Solaris 10 veya \u00fczeri UNIX&#xD;<br \/>\nMicrosoft Windows 7, 8, 10 ve 11&#xD;<br \/>\nMicrosoft Windows Server 2008 R2, 2012, 2012 R2, 2016, 2019 ve 2022<\/li>\n<li><strong>Maksimum Bellek Kapasitesi:<\/strong> 16 GB<\/li>\n<li><strong>Usb 3.2:<\/strong> 2x<\/li>\n<li><strong>Model Link:<\/strong> https:\/\/www.qnap.com\/en\/product\/ts-632x\/specs\/hardware<\/li>\n<li><strong>Maksimum Tak\u0131labilir Disk Adedi:<\/strong> 6x<\/li>\n<li><strong>\u0130\u015flemci:<\/strong> AnnapurnaLabs, bir Amazon \u015firketi Alpine AL524, 4 \u00e7ekirdekli, 2.0GHz<\/li>\n<li><strong>Maksimum Disk Kapasitesi:<\/strong> 24 Tb<\/li>\n<\/ul>\n","protected":false},"excerpt":{"rendered":"<p>\u00dcr\u00fcn \u00d6zellikleri: Bellek Yuvas\u0131: 1x Usb 3.0: &#8211; Kasa: Tower Ethernet: 2 x 10GbE SFP+ SmartNIC ba\u011flant\u0131 noktas\u0131 Disk Yuvalar\u0131: 2.5 inch, 3.5 inch Usb 2.0: &#8211; Raid Deste\u011fi: JBOD, Tek, RAID 0, 1, 5, 6, 10, 50 Bellek: 4 GB SODIMM DDR4 (1 x 4 GB) \u0130\u015fletim Sistemi: QTS5.2.0&#xD; &#xD; Desteklenen \u0130stemci \u0130\u015fletim Sistemleri:&#xD; [&hellip;]<\/p>\n","protected":false},"featured_media":8545,"comment_status":"open","ping_status":"closed","template":"","meta":{"content-type":""},"product_brand":[],"product_cat":[555],"product_tag":[],"class_list":{"0":"post-8544","1":"product","2":"type-product","3":"status-publish","4":"has-post-thumbnail","6":"product_cat-veri-depolama-cihazlari","8":"first","9":"instock","10":"shipping-taxable","11":"purchasable","12":"product-type-simple"},"_links":{"self":[{"href":"https:\/\/xcore.com.tr\/urunler\/wp-json\/wp\/v2\/product\/8544","targetHints":{"allow":["GET"]}}],"collection":[{"href":"https:\/\/xcore.com.tr\/urunler\/wp-json\/wp\/v2\/product"}],"about":[{"href":"https:\/\/xcore.com.tr\/urunler\/wp-json\/wp\/v2\/types\/product"}],"replies":[{"embeddable":true,"href":"https:\/\/xcore.com.tr\/urunler\/wp-json\/wp\/v2\/comments?post=8544"}],"wp:featuredmedia":[{"embeddable":true,"href":"https:\/\/xcore.com.tr\/urunler\/wp-json\/wp\/v2\/media\/8545"}],"wp:attachment":[{"href":"https:\/\/xcore.com.tr\/urunler\/wp-json\/wp\/v2\/media?parent=8544"}],"wp:term":[{"taxonomy":"product_brand","embeddable":true,"href":"https:\/\/xcore.com.tr\/urunler\/wp-json\/wp\/v2\/product_brand?post=8544"},{"taxonomy":"product_cat","embeddable":true,"href":"https:\/\/xcore.com.tr\/urunler\/wp-json\/wp\/v2\/product_cat?post=8544"},{"taxonomy":"product_tag","embeddable":true,"href":"https:\/\/xcore.com.tr\/urunler\/wp-json\/wp\/v2\/product_tag?post=8544"}],"curies":[{"name":"wp","href":"https:\/\/api.w.org\/{rel}","templated":true}]}}