{"id":8546,"date":"2026-04-21T16:44:25","date_gmt":"2026-04-21T13:44:25","guid":{"rendered":"https:\/\/xcore.com.tr\/urunler\/product\/qnap-ts-435xeu-4gb-ram-4-hdd-yuvali-rack-nas-resmi-distributor-garantili\/"},"modified":"2026-04-21T16:44:25","modified_gmt":"2026-04-21T13:44:25","slug":"qnap-ts-435xeu-4gb-ram-4-hdd-yuvali-rack-nas-resmi-distributor-garantili","status":"publish","type":"product","link":"https:\/\/xcore.com.tr\/urunler\/product\/qnap-ts-435xeu-4gb-ram-4-hdd-yuvali-rack-nas-resmi-distributor-garantili\/","title":{"rendered":"QNAP TS-435XEU-4GB RAM 4 HDD YUVALI RACK NAS (RESM\u0130 D\u0130STR\u0130B\u00dcT\u00d6R GARANT\u0130L\u0130)"},"content":{"rendered":"<h4>\u00dcr\u00fcn \u00d6zellikleri:<\/h4>\n<ul>\n<li><strong>Bellek:<\/strong> 32 GB (1 x 32 GB)&#xD;<br \/>\n1 adet SODIMM DDR4<\/li>\n<li><strong>Ethernet:<\/strong> 2 x 10GbE SFP+, 2.5 Gigabit Ethernet Ba\u011flant\u0131 Noktas\u0131 (2.5G\/1G\/100M)<\/li>\n<li><strong>\u0130\u015fletim Sistemi:<\/strong> Apple Mac OS 10.10 veya \u00fcst\u00fc&#xD;<br \/>\nUbuntu 14.04, CentOS 7, RHEL 6.6, SUSE 12 veya \u00fcst\u00fc Linux&#xD;<br \/>\nIBM AIX 7, Solaris 10 veya \u00fcst\u00fc UNIX&#xD;<br \/>\nMicrosoft Windows 7, 8, 10 ve 11&#xD;<br \/>\nMicrosoft Windows Server 2008 R2, 2012, 2012 R2, 2016, 2019 ve 2022<\/li>\n<li><strong>Disk Yuvalar\u0131:<\/strong> 3.5 inch<\/li>\n<li><strong>Maksimum Tak\u0131labilir Disk Adedi:<\/strong> 4x<\/li>\n<li><strong>Usb 3.2:<\/strong> 2x<\/li>\n<li><strong>\u0130\u015flemci:<\/strong> Marvell OCTEON TX2 \u2122 CN9130 \/ CN9131 ARMv8 Cortex-A72 4 \u00e7ekirdekli 2,2 GHz i\u015flemci<\/li>\n<li><strong>Usb 2.0:<\/strong> 2x<\/li>\n<li><strong>Maksimum Bellek Kapasitesi:<\/strong> 32 GB<\/li>\n<li><strong>Model Link:<\/strong> https:\/\/www.qnap.com\/tr-tr\/product\/ts-435xeu\/specs\/hardware<\/li>\n<li><strong>Maksimum Disk Kapasitesi:<\/strong> 32 Tb<\/li>\n<li><strong>Kasa:<\/strong> Rackmount<\/li>\n<li><strong>Bellek Yuvas\u0131:<\/strong> 4x<\/li>\n<li><strong>Raid Deste\u011fi:<\/strong> Raid 0, Raid 1, Raid 5, Raid 6, Raid 10<\/li>\n<li><strong>Usb 3.0:<\/strong> &#8211;<\/li>\n<\/ul>\n","protected":false},"excerpt":{"rendered":"<p>\u00dcr\u00fcn \u00d6zellikleri: Bellek: 32 GB (1 x 32 GB)&#xD; 1 adet SODIMM DDR4 Ethernet: 2 x 10GbE SFP+, 2.5 Gigabit Ethernet Ba\u011flant\u0131 Noktas\u0131 (2.5G\/1G\/100M) \u0130\u015fletim Sistemi: Apple Mac OS 10.10 veya \u00fcst\u00fc&#xD; Ubuntu 14.04, CentOS 7, RHEL 6.6, SUSE 12 veya \u00fcst\u00fc Linux&#xD; IBM AIX 7, Solaris 10 veya \u00fcst\u00fc UNIX&#xD; Microsoft Windows 7, 8, [&hellip;]<\/p>\n","protected":false},"featured_media":8547,"comment_status":"open","ping_status":"closed","template":"","meta":{"content-type":""},"product_brand":[],"product_cat":[555],"product_tag":[],"class_list":{"0":"post-8546","1":"product","2":"type-product","3":"status-publish","4":"has-post-thumbnail","6":"product_cat-veri-depolama-cihazlari","8":"first","9":"outofstock","10":"shipping-taxable","11":"purchasable","12":"product-type-simple"},"_links":{"self":[{"href":"https:\/\/xcore.com.tr\/urunler\/wp-json\/wp\/v2\/product\/8546","targetHints":{"allow":["GET"]}}],"collection":[{"href":"https:\/\/xcore.com.tr\/urunler\/wp-json\/wp\/v2\/product"}],"about":[{"href":"https:\/\/xcore.com.tr\/urunler\/wp-json\/wp\/v2\/types\/product"}],"replies":[{"embeddable":true,"href":"https:\/\/xcore.com.tr\/urunler\/wp-json\/wp\/v2\/comments?post=8546"}],"wp:featuredmedia":[{"embeddable":true,"href":"https:\/\/xcore.com.tr\/urunler\/wp-json\/wp\/v2\/media\/8547"}],"wp:attachment":[{"href":"https:\/\/xcore.com.tr\/urunler\/wp-json\/wp\/v2\/media?parent=8546"}],"wp:term":[{"taxonomy":"product_brand","embeddable":true,"href":"https:\/\/xcore.com.tr\/urunler\/wp-json\/wp\/v2\/product_brand?post=8546"},{"taxonomy":"product_cat","embeddable":true,"href":"https:\/\/xcore.com.tr\/urunler\/wp-json\/wp\/v2\/product_cat?post=8546"},{"taxonomy":"product_tag","embeddable":true,"href":"https:\/\/xcore.com.tr\/urunler\/wp-json\/wp\/v2\/product_tag?post=8546"}],"curies":[{"name":"wp","href":"https:\/\/api.w.org\/{rel}","templated":true}]}}