{"id":8550,"date":"2026-04-21T16:44:27","date_gmt":"2026-04-21T13:44:27","guid":{"rendered":"https:\/\/xcore.com.tr\/urunler\/product\/qnap-ts-873aeu-4gb-ram-8-hdd-yuvali-rack-nas-resmi-distributor-garantili\/"},"modified":"2026-04-21T16:44:27","modified_gmt":"2026-04-21T13:44:27","slug":"qnap-ts-873aeu-4gb-ram-8-hdd-yuvali-rack-nas-resmi-distributor-garantili","status":"publish","type":"product","link":"https:\/\/xcore.com.tr\/urunler\/product\/qnap-ts-873aeu-4gb-ram-8-hdd-yuvali-rack-nas-resmi-distributor-garantili\/","title":{"rendered":"QNAP TS-873AEU-4GB RAM 8 HDD YUVALI RACK NAS (RESM\u0130 D\u0130STR\u0130B\u00dcT\u00d6R GARANT\u0130L\u0130)"},"content":{"rendered":"<h4>\u00dcr\u00fcn \u00d6zellikleri:<\/h4>\n<ul>\n<li><strong>Usb 3.2:<\/strong> Yok<\/li>\n<li><strong>\u0130\u015fletim Sistemi:<\/strong> QTS5.2.3<\/li>\n<li><strong>Bellek Yuvas\u0131:<\/strong> 2x<\/li>\n<li><strong>\u0130\u015flemci:<\/strong> AMD Ryzen\u2122 Embedded V1500B 4 \u00e7ekirdek\/8 i\u015f par\u00e7ac\u0131kl\u0131 2,2 GHz i\u015flemci<\/li>\n<li><strong>Usb 3.0:<\/strong> &#8211;<\/li>\n<li><strong>Model Link:<\/strong> https:\/\/www.qnap.com\/tr-tr\/product\/ts-873aeu\/specs\/hardware<\/li>\n<li><strong>Ethernet:<\/strong> 2 (2.5G\/1G\/100M\/10M)<\/li>\n<li><strong>Bellek:<\/strong> 4 GB SODIMM DDR4 (1 x 4 GB)<\/li>\n<li><strong>Raid Deste\u011fi:<\/strong> RAID 0, 1, 5, 6, 10, 50, 60<\/li>\n<li><strong>Disk Yuvalar\u0131:<\/strong> 3.5 inch<\/li>\n<li><strong>Maksimum Tak\u0131labilir Disk Adedi:<\/strong> 8x<\/li>\n<li><strong>Maksimum Bellek Kapasitesi:<\/strong> 64 GB<\/li>\n<li><strong>Maksimum Disk Kapasitesi:<\/strong> 24 Tb<\/li>\n<li><strong>Usb 2.0:<\/strong> &#8211;<\/li>\n<li><strong>Kasa:<\/strong> Rackmount<\/li>\n<\/ul>\n","protected":false},"excerpt":{"rendered":"<p>\u00dcr\u00fcn \u00d6zellikleri: Usb 3.2: Yok \u0130\u015fletim Sistemi: QTS5.2.3 Bellek Yuvas\u0131: 2x \u0130\u015flemci: AMD Ryzen\u2122 Embedded V1500B 4 \u00e7ekirdek\/8 i\u015f par\u00e7ac\u0131kl\u0131 2,2 GHz i\u015flemci Usb 3.0: &#8211; Model Link: https:\/\/www.qnap.com\/tr-tr\/product\/ts-873aeu\/specs\/hardware Ethernet: 2 (2.5G\/1G\/100M\/10M) Bellek: 4 GB SODIMM DDR4 (1 x 4 GB) Raid Deste\u011fi: RAID 0, 1, 5, 6, 10, 50, 60 Disk Yuvalar\u0131: 3.5 inch [&hellip;]<\/p>\n","protected":false},"featured_media":8551,"comment_status":"open","ping_status":"closed","template":"","meta":{"content-type":""},"product_brand":[],"product_cat":[555],"product_tag":[],"class_list":{"0":"post-8550","1":"product","2":"type-product","3":"status-publish","4":"has-post-thumbnail","6":"product_cat-veri-depolama-cihazlari","8":"first","9":"outofstock","10":"shipping-taxable","11":"purchasable","12":"product-type-simple"},"_links":{"self":[{"href":"https:\/\/xcore.com.tr\/urunler\/wp-json\/wp\/v2\/product\/8550","targetHints":{"allow":["GET"]}}],"collection":[{"href":"https:\/\/xcore.com.tr\/urunler\/wp-json\/wp\/v2\/product"}],"about":[{"href":"https:\/\/xcore.com.tr\/urunler\/wp-json\/wp\/v2\/types\/product"}],"replies":[{"embeddable":true,"href":"https:\/\/xcore.com.tr\/urunler\/wp-json\/wp\/v2\/comments?post=8550"}],"wp:featuredmedia":[{"embeddable":true,"href":"https:\/\/xcore.com.tr\/urunler\/wp-json\/wp\/v2\/media\/8551"}],"wp:attachment":[{"href":"https:\/\/xcore.com.tr\/urunler\/wp-json\/wp\/v2\/media?parent=8550"}],"wp:term":[{"taxonomy":"product_brand","embeddable":true,"href":"https:\/\/xcore.com.tr\/urunler\/wp-json\/wp\/v2\/product_brand?post=8550"},{"taxonomy":"product_cat","embeddable":true,"href":"https:\/\/xcore.com.tr\/urunler\/wp-json\/wp\/v2\/product_cat?post=8550"},{"taxonomy":"product_tag","embeddable":true,"href":"https:\/\/xcore.com.tr\/urunler\/wp-json\/wp\/v2\/product_tag?post=8550"}],"curies":[{"name":"wp","href":"https:\/\/api.w.org\/{rel}","templated":true}]}}