{"id":8602,"date":"2026-04-21T16:44:50","date_gmt":"2026-04-21T13:44:50","guid":{"rendered":"https:\/\/xcore.com.tr\/urunler\/product\/3-84tb-kingston-dc600m560-mb-s-530mb-s-7000-6000mbs-sedc600m-3840g\/"},"modified":"2026-04-21T16:44:50","modified_gmt":"2026-04-21T13:44:50","slug":"3-84tb-kingston-dc600m560-mb-s-530mb-s-7000-6000mbs-sedc600m-3840g","status":"publish","type":"product","link":"https:\/\/xcore.com.tr\/urunler\/product\/3-84tb-kingston-dc600m560-mb-s-530mb-s-7000-6000mbs-sedc600m-3840g\/","title":{"rendered":"3.84TB KINGSTON DC600M560 MB\/S 530MB\/S 7000\/6000MBS SEDC600M\/3840G"},"content":{"rendered":"<h4>\u00dcr\u00fcn \u00d6zellikleri:<\/h4>\n<ul><\/ul>\n","protected":false},"excerpt":{"rendered":"<p>\u00dcr\u00fcn \u00d6zellikleri:<\/p>\n","protected":false},"featured_media":8603,"comment_status":"open","ping_status":"closed","template":"","meta":{"content-type":""},"product_brand":[],"product_cat":[564],"product_tag":[],"class_list":{"0":"post-8602","1":"product","2":"type-product","3":"status-publish","4":"has-post-thumbnail","6":"product_cat-sabit-disk","8":"first","9":"instock","10":"shipping-taxable","11":"purchasable","12":"product-type-simple"},"_links":{"self":[{"href":"https:\/\/xcore.com.tr\/urunler\/wp-json\/wp\/v2\/product\/8602","targetHints":{"allow":["GET"]}}],"collection":[{"href":"https:\/\/xcore.com.tr\/urunler\/wp-json\/wp\/v2\/product"}],"about":[{"href":"https:\/\/xcore.com.tr\/urunler\/wp-json\/wp\/v2\/types\/product"}],"replies":[{"embeddable":true,"href":"https:\/\/xcore.com.tr\/urunler\/wp-json\/wp\/v2\/comments?post=8602"}],"wp:featuredmedia":[{"embeddable":true,"href":"https:\/\/xcore.com.tr\/urunler\/wp-json\/wp\/v2\/media\/8603"}],"wp:attachment":[{"href":"https:\/\/xcore.com.tr\/urunler\/wp-json\/wp\/v2\/media?parent=8602"}],"wp:term":[{"taxonomy":"product_brand","embeddable":true,"href":"https:\/\/xcore.com.tr\/urunler\/wp-json\/wp\/v2\/product_brand?post=8602"},{"taxonomy":"product_cat","embeddable":true,"href":"https:\/\/xcore.com.tr\/urunler\/wp-json\/wp\/v2\/product_cat?post=8602"},{"taxonomy":"product_tag","embeddable":true,"href":"https:\/\/xcore.com.tr\/urunler\/wp-json\/wp\/v2\/product_tag?post=8602"}],"curies":[{"name":"wp","href":"https:\/\/api.w.org\/{rel}","templated":true}]}}