{"id":9884,"date":"2026-04-21T17:07:38","date_gmt":"2026-04-21T14:07:38","guid":{"rendered":"https:\/\/xcore.com.tr\/urunler\/product\/65-dahua-dhi-lch65-mc410-b-4k-andorid-5mp-kamera-smart-interactive-whiteboard-dokunmatik-ekran\/"},"modified":"2026-04-21T17:07:38","modified_gmt":"2026-04-21T14:07:38","slug":"65-dahua-dhi-lch65-mc410-b-4k-andorid-5mp-kamera-smart-interactive-whiteboard-dokunmatik-ekran","status":"publish","type":"product","link":"https:\/\/xcore.com.tr\/urunler\/product\/65-dahua-dhi-lch65-mc410-b-4k-andorid-5mp-kamera-smart-interactive-whiteboard-dokunmatik-ekran\/","title":{"rendered":"65&#8243; DAHUA DHI-LCH65-MC410-B 4K ANDORID 5MP KAMERA SMART INTERACTIVE WHITEBOARD DOKUNMAT\u0130K EKRAN"},"content":{"rendered":"<h4>\u00dcr\u00fcn \u00d6zellikleri:<\/h4>\n<ul>\n<li><strong>Kullan\u0131m Alan\u0131:<\/strong> \u0130\u015f \/ Ev<\/li>\n<li><strong>Curve Ekran:<\/strong> Hay\u0131r<\/li>\n<li><strong>Duvara As\u0131labilme:<\/strong> Var<\/li>\n<li><strong>Hoparl\u00f6r:<\/strong> Var<\/li>\n<li><strong>Ips Panel \/ Mva Panel:<\/strong> DLED<\/li>\n<li><strong>Ba\u011flant\u0131 T\u00fcr\u00fc:<\/strong> <\/li>\n<li><strong>Model Link:<\/strong> https:\/\/www.dahuasecurity.com\/products\/All-Products\/Interactive-Whiteboards\/Lite-Series\/MC410-B-Series\/LCH65-MC410-B<\/li>\n<li><strong>G\u00f6r\u00fcnt\u00fcleme Format\u0131:<\/strong> 16:9<\/li>\n<li><strong>Dahili Kamera:<\/strong> 5MP<\/li>\n<li><strong>Dokunmatik Ekran:<\/strong> Var<\/li>\n<li><strong>Kontrast:<\/strong> &#8211;<\/li>\n<li><strong>G\u00f6r\u00fc\u015f A\u00e7\u0131s\u0131:<\/strong> 178\/178<\/li>\n<li><strong>Ekran \u00c7\u00f6z\u00fcn\u00fcrl\u00fc\u011f\u00fc:<\/strong> 2560X1440<\/li>\n<li><strong>Tepki S\u00fcresi:<\/strong> 8 Ms<\/li>\n<li><strong>Pivot \u00d6zelli\u011fi:<\/strong> Yok<\/li>\n<li><strong>Parlakl\u0131k:<\/strong> 350 Cd\/m2<\/li>\n<li><strong>Renk:<\/strong> Siyah<\/li>\n<li><strong>Ekran Boyutu:<\/strong> 65&quot;<\/li>\n<\/ul>\n","protected":false},"excerpt":{"rendered":"<p>\u00dcr\u00fcn \u00d6zellikleri: Kullan\u0131m Alan\u0131: \u0130\u015f \/ Ev Curve Ekran: Hay\u0131r Duvara As\u0131labilme: Var Hoparl\u00f6r: Var Ips Panel \/ Mva Panel: DLED Ba\u011flant\u0131 T\u00fcr\u00fc: Model Link: https:\/\/www.dahuasecurity.com\/products\/All-Products\/Interactive-Whiteboards\/Lite-Series\/MC410-B-Series\/LCH65-MC410-B G\u00f6r\u00fcnt\u00fcleme Format\u0131: 16:9 Dahili Kamera: 5MP Dokunmatik Ekran: Var Kontrast: &#8211; G\u00f6r\u00fc\u015f A\u00e7\u0131s\u0131: 178\/178 Ekran \u00c7\u00f6z\u00fcn\u00fcrl\u00fc\u011f\u00fc: 2560X1440 Tepki S\u00fcresi: 8 Ms Pivot \u00d6zelli\u011fi: Yok Parlakl\u0131k: 350 Cd\/m2 Renk: Siyah [&hellip;]<\/p>\n","protected":false},"featured_media":9885,"comment_status":"open","ping_status":"closed","template":"","meta":{"content-type":""},"product_brand":[],"product_cat":[606],"product_tag":[],"class_list":{"0":"post-9884","1":"product","2":"type-product","3":"status-publish","4":"has-post-thumbnail","6":"product_cat-interaktif-ekran","8":"first","9":"outofstock","10":"shipping-taxable","11":"purchasable","12":"product-type-simple"},"_links":{"self":[{"href":"https:\/\/xcore.com.tr\/urunler\/wp-json\/wp\/v2\/product\/9884","targetHints":{"allow":["GET"]}}],"collection":[{"href":"https:\/\/xcore.com.tr\/urunler\/wp-json\/wp\/v2\/product"}],"about":[{"href":"https:\/\/xcore.com.tr\/urunler\/wp-json\/wp\/v2\/types\/product"}],"replies":[{"embeddable":true,"href":"https:\/\/xcore.com.tr\/urunler\/wp-json\/wp\/v2\/comments?post=9884"}],"wp:featuredmedia":[{"embeddable":true,"href":"https:\/\/xcore.com.tr\/urunler\/wp-json\/wp\/v2\/media\/9885"}],"wp:attachment":[{"href":"https:\/\/xcore.com.tr\/urunler\/wp-json\/wp\/v2\/media?parent=9884"}],"wp:term":[{"taxonomy":"product_brand","embeddable":true,"href":"https:\/\/xcore.com.tr\/urunler\/wp-json\/wp\/v2\/product_brand?post=9884"},{"taxonomy":"product_cat","embeddable":true,"href":"https:\/\/xcore.com.tr\/urunler\/wp-json\/wp\/v2\/product_cat?post=9884"},{"taxonomy":"product_tag","embeddable":true,"href":"https:\/\/xcore.com.tr\/urunler\/wp-json\/wp\/v2\/product_tag?post=9884"}],"curies":[{"name":"wp","href":"https:\/\/api.w.org\/{rel}","templated":true}]}}